{"id":1810,"date":"2023-10-05T10:01:34","date_gmt":"2023-10-05T10:01:34","guid":{"rendered":"https:\/\/beatrizseisdedos.com\/index.php\/politique-de-confidentialite\/"},"modified":"2023-10-27T14:44:06","modified_gmt":"2023-10-27T14:44:06","slug":"politique-de-confidentialite","status":"publish","type":"page","link":"https:\/\/beatrizseisdedos.com\/fr\/politique-de-confidentialite\/","title":{"rendered":"Politique de confidentialit\u00e9"},"content":{"rendered":"\t\t<div data-elementor-type=\"wp-page\" data-elementor-id=\"1810\" class=\"elementor elementor-1810 elementor-1125\" data-elementor-post-type=\"page\">\n\t\t\t\t<div class=\"elementor-element elementor-element-a4c6f00 e-flex e-con-boxed e-con e-parent\" data-id=\"a4c6f00\" data-element_type=\"container\">\n\t\t\t\t\t<div class=\"e-con-inner\">\n\t\t\t\t<div class=\"elementor-element elementor-element-85e0326 elementor-widget elementor-widget-text-editor\" data-id=\"85e0326\" data-element_type=\"widget\" data-widget_type=\"text-editor.default\">\n\t\t\t\t<div class=\"elementor-widget-container\">\n\t\t\t<style>\/*! elementor - v3.21.0 - 24-04-2024 *\/\n.elementor-widget-text-editor.elementor-drop-cap-view-stacked .elementor-drop-cap{background-color:#69727d;color:#fff}.elementor-widget-text-editor.elementor-drop-cap-view-framed .elementor-drop-cap{color:#69727d;border:3px solid;background-color:transparent}.elementor-widget-text-editor:not(.elementor-drop-cap-view-default) .elementor-drop-cap{margin-top:8px}.elementor-widget-text-editor:not(.elementor-drop-cap-view-default) .elementor-drop-cap-letter{width:1em;height:1em}.elementor-widget-text-editor .elementor-drop-cap{float:left;text-align:center;line-height:1;font-size:50px}.elementor-widget-text-editor .elementor-drop-cap-letter{display:inline-block}<\/style>\t\t\t\t<p>Questions communes \u00e0 toutes les activit\u00e9s de traitement :<br \/><strong>Qui est responsable du traitement de vos donn\u00e9es ?<\/strong><br \/>Responsable du traitement : SEISDEDOS DE VEGA, BEATRIZ<br \/>Num\u00e9ro de document : 45680339Q<br \/>Adresse fiscale : Lugar La Lloraza, 22, Casa, CP 33315 OLES, Asturias<br \/>T\u00e9l\u00e9phone : 606321821<br \/>Courriel : <a href=\"mailto:beatriz.seisdedos@prontonmail.com\">beatriz.seisdedos@prontonmail.com<\/a><\/p>\n<p><strong>Quels sont vos droits lorsque vous nous fournissez vos donn\u00e9es ?<\/strong><br \/>Toute personne a le droit d&rsquo;obtenir la confirmation que nous traitons ou non des donn\u00e9es \u00e0 caract\u00e8re personnel la concernant. \u00c0 cet \u00e9gard, vous avez le droit de demander :<br \/><strong>Acc\u00e8s :<\/strong> la personne qui nous fournit ses donn\u00e9es a le droit d&rsquo;obtenir du responsable du traitement des donn\u00e9es<br \/>Le citoyen doit pouvoir obtenir la confirmation que des donn\u00e9es le concernant sont ou ne sont pas trait\u00e9es, ainsi que des informations d\u00e9taill\u00e9es sur certains aspects du traitement en cours.<br \/><strong>Rectification :<\/strong> La personne qui nous fournit ses donn\u00e9es a le droit d&rsquo;en obtenir la rectification<br \/>des donn\u00e9es \u00e0 caract\u00e8re personnel inexactes le concernant ou de faire compl\u00e9ter des donn\u00e9es \u00e0 caract\u00e8re personnel incompl\u00e8tes.<br \/><strong>Suppression :<\/strong>La personne qui nous fournit ses donn\u00e9es a le droit de demander la suppression des \u00e9l\u00e9ments suivants<br \/>leurs donn\u00e9es \u00e0 caract\u00e8re personnel ; en tout \u00e9tat de cause, l&rsquo;effacement est soumis aux limites fix\u00e9es par la r\u00e8gle r\u00e9glementaire.<br \/><strong>Limitation du traitement :<\/strong> la personne qui nous fournit ses donn\u00e9es a le droit de demander la limitation du traitement de ses donn\u00e9es personnelles.<br \/><strong>Opposition au traitement :<\/strong> Dans certaines circonstances, et pour des raisons li\u00e9es \u00e0<br \/>Si vous nous fournissez vos donn\u00e9es personnelles, vous avez le droit de vous opposer au traitement de vos donn\u00e9es personnelles. L&rsquo;entit\u00e9 cessera de les traiter, sauf pour des raisons l\u00e9gitimes et imp\u00e9rieuses, ou pour l&rsquo;exercice ou la d\u00e9fense d&rsquo;\u00e9ventuelles r\u00e9clamations.<br \/><strong>Droit \u00e0 la portabilit\u00e9 des donn\u00e9es :<\/strong>  La personne concern\u00e9e a le droit de recevoir les donn\u00e9es \u00e0 caract\u00e8re personnel la concernant, qu&rsquo;elle a fournies au responsable du traitement, dans un format structur\u00e9, couramment utilis\u00e9 et lisible par machine, et de les transmettre \u00e0 toute autre personne susceptible d&rsquo;\u00eatre responsable du traitement.<br \/>traitement.<\/p>\n<p>Vous pouvez exercer ces droits en contactant la personne responsable. Vous pouvez utiliser les coordonn\u00e9es fournies au d\u00e9but de ce document \u00e0 cette fin. Si vous souhaitez obtenir des informations suppl\u00e9mentaires concernant l&rsquo;exercice de vos droits, vous pouvez \u00e9galement contacter l&rsquo;Agence espagnole de protection des donn\u00e9es (AEPD). Nous vous informons \u00e9galement que, si vous le jugez appropri\u00e9, vous avez le droit de retirer \u00e0 tout moment le consentement donn\u00e9 pour une finalit\u00e9 sp\u00e9cifique, sans affecter la l\u00e9galit\u00e9 du traitement fond\u00e9 sur le consentement avant son retrait.<br \/>Si vous estimez que vos droits n&rsquo;ont pas \u00e9t\u00e9 correctement pris en compte, vous pouvez d\u00e9poser une plainte aupr\u00e8s de l&rsquo;Agence espagnole de protection des donn\u00e9es (C\/ Jorge Juan, 6 &#8211; 28001 Madrid ou \u00e0 l&rsquo;adresse www.agpd.es).<\/p>\n<p>Questions sp\u00e9cifiques \u00e0 chaque activit\u00e9 de traitement :<\/p>\n<h2>LUTTER CONTRE LES FAILLES DE S\u00c9CURIT\u00c9<\/h2>\n<p><strong>Dans quel but traitons-nous vos donn\u00e9es ?<\/strong><br \/>personnel ? Gestion et notification des violations de la s\u00e9curit\u00e9<\/p>\n<p><strong>Pendant combien de temps vos donn\u00e9es seront-elles trait\u00e9es ?<\/strong><br \/>Elles seront conserv\u00e9es pendant la dur\u00e9e n\u00e9cessaire \u00e0 la r\u00e9alisation de la finalit\u00e9 pour laquelle elles ont \u00e9t\u00e9 collect\u00e9es et \u00e0 la d\u00e9termination de toute responsabilit\u00e9 \u00e9ventuelle pouvant d\u00e9couler de cette finalit\u00e9 et du traitement des donn\u00e9es. Une fois ce d\u00e9lai \u00e9coul\u00e9, elles seront automatiquement annul\u00e9es \/ supprim\u00e9es.<\/p>\n<p><strong>Pourquoi traitons-nous vos donn\u00e9es ?<\/strong><br \/>Obligation l\u00e9gale.<\/p>\n<p><strong>\u00c0 qui vos donn\u00e9es seront-elles communiqu\u00e9es ?<\/strong><br \/>Autres organismes de l&rsquo;administration publique.<\/p>\n<h2>TRAITEMENT DES COMMUNICATIONS COMMERCIALES<\/h2>\n<p><strong>\u00c0 quelles fins traitons-nous vos donn\u00e9es personnelles ?<\/strong><br \/>R\u00e9aliser des actions commerciales et marketing et des communications pour informer et fid\u00e9liser la client\u00e8le.<\/p>\n<p><strong>Pendant combien de temps vos donn\u00e9es seront-elles trait\u00e9es ?<\/strong><br \/>Elles seront conserv\u00e9es pendant la dur\u00e9e n\u00e9cessaire \u00e0 la r\u00e9alisation de la finalit\u00e9 pour laquelle elles ont \u00e9t\u00e9 collect\u00e9es et \u00e0 la d\u00e9termination de toute responsabilit\u00e9 \u00e9ventuelle pouvant d\u00e9couler de cette finalit\u00e9 et du traitement des donn\u00e9es. Une fois ce d\u00e9lai \u00e9coul\u00e9, elles seront automatiquement annul\u00e9es\/supprim\u00e9es.<\/p>\n<p><strong>Pourquoi traitons-nous vos donn\u00e9es ?<\/strong><br \/>Consentement et signature de la personne, Int\u00e9r\u00eat l\u00e9gitime.<\/p>\n<p><strong>\u00c0 qui vos donn\u00e9es seront-elles communiqu\u00e9es ?<\/strong><br \/>Aucune donn\u00e9e n&rsquo;est transmise \u00e0 des tiers, sauf en cas d&rsquo;obligations l\u00e9gales.<\/p>\n<h2>TRAITEMENT DE CONTACT<\/h2>\n<p><strong>\u00c0 quelles fins traitons-nous vos donn\u00e9es personnelles ?<\/strong><br \/>G\u00e9rer les demandes d&rsquo;informations et de devis et y r\u00e9pondre, ainsi que maintenir le contact, \u00e0 des fins professionnelles ou commerciales, avec les personnes physiques, y compris celles repr\u00e9sentant des personnes morales, avec lesquelles l&rsquo;entit\u00e9 est en relation.<\/p>\n<p><strong>Pendant combien de temps vos donn\u00e9es seront-elles trait\u00e9es ?<\/strong><br \/>Elles seront conserv\u00e9es pendant la dur\u00e9e n\u00e9cessaire \u00e0 la r\u00e9alisation de la finalit\u00e9 pour laquelle elles ont \u00e9t\u00e9 collect\u00e9es et \u00e0 la d\u00e9termination de toute responsabilit\u00e9 \u00e9ventuelle pouvant d\u00e9couler de cette finalit\u00e9 et du traitement des donn\u00e9es. Une fois ce d\u00e9lai \u00e9coul\u00e9, elles seront automatiquement annul\u00e9es\/supprim\u00e9es.<\/p>\n<p><strong>Pourquoi traitons-nous vos donn\u00e9es ?<\/strong><br \/>Int\u00e9r\u00eat l\u00e9gitime.<\/p>\n<p><strong>\u00c0 qui vos donn\u00e9es seront-elles communiqu\u00e9es ?<\/strong><br \/>Aucune donn\u00e9e n&rsquo;est transmise \u00e0 des tiers, sauf en cas d&rsquo;obligations l\u00e9gales.<\/p>\n<h2>TRAITEMENT DE L&rsquo;EXERCICE DES DROITS<\/h2>\n<p><strong>\u00c0 quelles fins traitons-nous vos donn\u00e9es personnelles ?<\/strong><br \/>Gestion de l&rsquo;exercice des droits en vertu de la l\u00e9gislation sur la protection des donn\u00e9es et formulaires de r\u00e9clamation.<\/p>\n<p><strong>Pendant combien de temps vos donn\u00e9es seront-elles trait\u00e9es ?<\/strong><br \/>Elles sont conserv\u00e9es pendant la dur\u00e9e n\u00e9cessaire \u00e0 la r\u00e9solution des plaintes.<\/p>\n<p><strong>Pourquoi traitons-nous vos donn\u00e9es ?<\/strong><br \/>Obligation l\u00e9gale.<\/p>\n<p><strong>\u00c0 qui vos donn\u00e9es seront-elles communiqu\u00e9es ?<\/strong><br \/>Autres organismes de l&rsquo;administration publique.<\/p>\n<h2>TRAITEMENT DES PATIENTS B\u00c9N\u00c9FICIANT D&rsquo;UNE PRESTATION DE SERVICES<\/h2>\n<p><strong>\u00c0 quelles fins traitons-nous vos donn\u00e9es personnelles ?<\/strong><br \/>Gestion des patients, des dossiers m\u00e9dicaux, de la documentation m\u00e9dicale et autres services li\u00e9s \u00e0 des fins cliniques et de soins. Gestion fiscale et comptable afin de respecter les obligations l\u00e9gales.<\/p>\n<p><strong>Pendant combien de temps vos donn\u00e9es seront-elles trait\u00e9es ?<\/strong><br \/>Elles seront conserv\u00e9es pendant la dur\u00e9e n\u00e9cessaire \u00e0 la r\u00e9alisation de la finalit\u00e9 pour laquelle elles ont \u00e9t\u00e9 collect\u00e9es et \u00e0 la d\u00e9termination de toute responsabilit\u00e9 \u00e9ventuelle pouvant d\u00e9couler de cette finalit\u00e9 et du traitement des donn\u00e9es. Une fois ce d\u00e9lai \u00e9coul\u00e9, elles seront automatiquement annul\u00e9es\/supprim\u00e9es.<\/p>\n<p><strong>Pourquoi traitons-nous vos donn\u00e9es ?<\/strong><br \/>Ex\u00e9cution d&rsquo;un contrat.<\/p>\n<p><strong>\u00c0 qui vos donn\u00e9es seront-elles communiqu\u00e9es ?<\/strong><br \/>Administration fiscale.<\/p>\n<h2>TRAITEMENT DES FOURNISSEURS<\/h2>\n<p><strong>\u00c0 quelles fins traitons-nous vos donn\u00e9es personnelles ?<\/strong><br \/>Gestion des relations commerciales avec les fournisseurs.<\/p>\n<p><strong>Pendant combien de temps vos donn\u00e9es seront-elles trait\u00e9es ?<\/strong><br \/>Elles seront conserv\u00e9es pendant la dur\u00e9e n\u00e9cessaire \u00e0 la r\u00e9alisation de la finalit\u00e9 pour laquelle elles ont \u00e9t\u00e9 collect\u00e9es et \u00e0 la d\u00e9termination de toute responsabilit\u00e9 \u00e9ventuelle pouvant d\u00e9couler de cette finalit\u00e9 et du traitement des donn\u00e9es. Une fois ce d\u00e9lai \u00e9coul\u00e9, elles seront automatiquement annul\u00e9es \/ supprim\u00e9es.<\/p>\n<p><strong>Pourquoi traitons-nous vos donn\u00e9es ?<\/strong><br \/>Ex\u00e9cution d&rsquo;un contrat.<\/p>\n<p><strong>\u00c0 qui vos donn\u00e9es seront-elles communiqu\u00e9es ?<\/strong><br \/>Les autorit\u00e9s fiscales, les banques, les caisses d&rsquo;\u00e9pargne et les banques rurales.<\/p>\n\t\t\t\t\t\t<\/div>\n\t\t\t\t<\/div>\n\t\t\t\t\t<\/div>\n\t\t\t\t<\/div>\n\t\t\t\t<\/div>\n\t\t","protected":false},"excerpt":{"rendered":"<p>Questions communes \u00e0 toutes les activit\u00e9s de traitement :Qui est responsable du traitement de vos donn\u00e9es ?Responsable du traitement : SEISDEDOS DE VEGA, BEATRIZNum\u00e9ro de document : 45680339QAdresse fiscale : Lugar La Lloraza, 22, Casa, CP 33315 OLES, AsturiasT\u00e9l\u00e9phone : 606321821Courriel : beatriz.seisdedos@prontonmail.com Quels sont vos droits lorsque vous nous fournissez vos donn\u00e9es ?Toute personne [&hellip;]<\/p>\n","protected":false},"author":2,"featured_media":0,"parent":0,"menu_order":0,"comment_status":"closed","ping_status":"closed","template":"","meta":{"footnotes":""},"class_list":["post-1810","page","type-page","status-publish","hentry"],"yoast_head":"<!-- This site is optimized with the Yoast SEO plugin v22.5 - https:\/\/yoast.com\/wordpress\/plugins\/seo\/ -->\n<title>Politique de confidentialit\u00e9 | Beatriz Seisdedos<\/title>\n<meta name=\"robots\" content=\"index, follow, max-snippet:-1, max-image-preview:large, max-video-preview:-1\" \/>\n<link rel=\"canonical\" href=\"https:\/\/beatrizseisdedos.com\/politica-de-privacidad\/\" \/>\n<meta property=\"og:locale\" content=\"fr_FR\" \/>\n<meta property=\"og:type\" content=\"article\" \/>\n<meta property=\"og:title\" content=\"Politique de confidentialit\u00e9 | Beatriz Seisdedos\" \/>\n<meta property=\"og:description\" content=\"Questions communes \u00e0 toutes les activit\u00e9s de traitement :Qui est responsable du traitement de vos donn\u00e9es ?Responsable du traitement : SEISDEDOS DE VEGA, BEATRIZNum\u00e9ro de document : 45680339QAdresse fiscale : Lugar La Lloraza, 22, Casa, CP 33315 OLES, AsturiasT\u00e9l\u00e9phone : 606321821Courriel : beatriz.seisdedos@prontonmail.com Quels sont vos droits lorsque vous nous fournissez vos donn\u00e9es ?Toute personne [&hellip;]\" \/>\n<meta property=\"og:url\" content=\"https:\/\/beatrizseisdedos.com\/politica-de-privacidad\/\" \/>\n<meta property=\"og:site_name\" content=\"Beatriz Seisdedos\" \/>\n<meta property=\"article:publisher\" content=\"https:\/\/www.facebook.com\/Beatriz-Seisdedos-Psicoterapia-Cognitivo-Conductual-104714477854952\/\" \/>\n<meta property=\"article:modified_time\" content=\"2023-10-27T14:44:06+00:00\" \/>\n<meta property=\"og:image\" content=\"https:\/\/beatrizseisdedos.com\/wp-content\/uploads\/2023\/10\/faviconbeatrizseisdedos.png\" \/>\n\t<meta property=\"og:image:width\" content=\"512\" \/>\n\t<meta property=\"og:image:height\" content=\"512\" \/>\n\t<meta property=\"og:image:type\" content=\"image\/png\" \/>\n<meta name=\"twitter:card\" content=\"summary_large_image\" \/>\n<meta name=\"twitter:label1\" content=\"Dur\u00e9e de lecture estim\u00e9e\" \/>\n\t<meta name=\"twitter:data1\" content=\"6 minutes\" \/>\n<script type=\"application\/ld+json\" class=\"yoast-schema-graph\">{\"@context\":\"https:\/\/schema.org\",\"@graph\":[{\"@type\":[\"WebPage\",\"MedicalWebPage\"],\"@id\":\"https:\/\/beatrizseisdedos.com\/politica-de-privacidad\/\",\"url\":\"https:\/\/beatrizseisdedos.com\/politica-de-privacidad\/\",\"name\":\"Politique de confidentialit\u00e9 | Beatriz Seisdedos\",\"isPartOf\":{\"@id\":\"https:\/\/beatrizseisdedos.com\/#website\"},\"datePublished\":\"2023-10-05T10:01:34+00:00\",\"dateModified\":\"2023-10-27T14:44:06+00:00\",\"breadcrumb\":{\"@id\":\"https:\/\/beatrizseisdedos.com\/politica-de-privacidad\/#breadcrumb\"},\"inLanguage\":\"fr-FR\",\"potentialAction\":[{\"@type\":\"ReadAction\",\"target\":[\"https:\/\/beatrizseisdedos.com\/politica-de-privacidad\/\"]}]},{\"@type\":\"BreadcrumbList\",\"@id\":\"https:\/\/beatrizseisdedos.com\/politica-de-privacidad\/#breadcrumb\",\"itemListElement\":[{\"@type\":\"ListItem\",\"position\":1,\"name\":\"Inicio\",\"item\":\"https:\/\/beatrizseisdedos.com\/\"},{\"@type\":\"ListItem\",\"position\":2,\"name\":\"Politique de confidentialit\u00e9\"}]},{\"@type\":\"WebSite\",\"@id\":\"https:\/\/beatrizseisdedos.com\/#website\",\"url\":\"https:\/\/beatrizseisdedos.com\/\",\"name\":\"Beatriz Seisdedos\",\"description\":\"\",\"publisher\":{\"@id\":\"https:\/\/beatrizseisdedos.com\/#organization\"},\"potentialAction\":[{\"@type\":\"SearchAction\",\"target\":{\"@type\":\"EntryPoint\",\"urlTemplate\":\"https:\/\/beatrizseisdedos.com\/?s={search_term_string}\"},\"query-input\":\"required name=search_term_string\"}],\"inLanguage\":\"fr-FR\"},{\"@type\":\"Organization\",\"@id\":\"https:\/\/beatrizseisdedos.com\/#organization\",\"name\":\"Beatriz Seisdedos\",\"url\":\"https:\/\/beatrizseisdedos.com\/\",\"logo\":{\"@type\":\"ImageObject\",\"inLanguage\":\"fr-FR\",\"@id\":\"https:\/\/beatrizseisdedos.com\/#\/schema\/logo\/image\/\",\"url\":\"https:\/\/beatrizseisdedos.com\/wp-content\/uploads\/2023\/09\/logo_Beatriz.png\",\"contentUrl\":\"https:\/\/beatrizseisdedos.com\/wp-content\/uploads\/2023\/09\/logo_Beatriz.png\",\"width\":238,\"height\":75,\"caption\":\"Beatriz Seisdedos\"},\"image\":{\"@id\":\"https:\/\/beatrizseisdedos.com\/#\/schema\/logo\/image\/\"},\"sameAs\":[\"https:\/\/www.facebook.com\/Beatriz-Seisdedos-Psicoterapia-Cognitivo-Conductual-104714477854952\/\",\"https:\/\/www.linkedin.com\/in\/beatriz-seisdedos-5ab498202\/\"]}]}<\/script>\n<!-- \/ Yoast SEO plugin. -->","yoast_head_json":{"title":"Politique de confidentialit\u00e9 | Beatriz Seisdedos","robots":{"index":"index","follow":"follow","max-snippet":"max-snippet:-1","max-image-preview":"max-image-preview:large","max-video-preview":"max-video-preview:-1"},"canonical":"https:\/\/beatrizseisdedos.com\/politica-de-privacidad\/","og_locale":"fr_FR","og_type":"article","og_title":"Politique de confidentialit\u00e9 | Beatriz Seisdedos","og_description":"Questions communes \u00e0 toutes les activit\u00e9s de traitement :Qui est responsable du traitement de vos donn\u00e9es ?Responsable du traitement : SEISDEDOS DE VEGA, BEATRIZNum\u00e9ro de document : 45680339QAdresse fiscale : Lugar La Lloraza, 22, Casa, CP 33315 OLES, AsturiasT\u00e9l\u00e9phone : 606321821Courriel : beatriz.seisdedos@prontonmail.com Quels sont vos droits lorsque vous nous fournissez vos donn\u00e9es ?Toute personne [&hellip;]","og_url":"https:\/\/beatrizseisdedos.com\/politica-de-privacidad\/","og_site_name":"Beatriz Seisdedos","article_publisher":"https:\/\/www.facebook.com\/Beatriz-Seisdedos-Psicoterapia-Cognitivo-Conductual-104714477854952\/","article_modified_time":"2023-10-27T14:44:06+00:00","og_image":[{"width":512,"height":512,"url":"https:\/\/beatrizseisdedos.com\/wp-content\/uploads\/2023\/10\/faviconbeatrizseisdedos.png","type":"image\/png"}],"twitter_card":"summary_large_image","twitter_misc":{"Dur\u00e9e de lecture estim\u00e9e":"6 minutes"},"schema":{"@context":"https:\/\/schema.org","@graph":[{"@type":["WebPage","MedicalWebPage"],"@id":"https:\/\/beatrizseisdedos.com\/politica-de-privacidad\/","url":"https:\/\/beatrizseisdedos.com\/politica-de-privacidad\/","name":"Politique de confidentialit\u00e9 | Beatriz Seisdedos","isPartOf":{"@id":"https:\/\/beatrizseisdedos.com\/#website"},"datePublished":"2023-10-05T10:01:34+00:00","dateModified":"2023-10-27T14:44:06+00:00","breadcrumb":{"@id":"https:\/\/beatrizseisdedos.com\/politica-de-privacidad\/#breadcrumb"},"inLanguage":"fr-FR","potentialAction":[{"@type":"ReadAction","target":["https:\/\/beatrizseisdedos.com\/politica-de-privacidad\/"]}]},{"@type":"BreadcrumbList","@id":"https:\/\/beatrizseisdedos.com\/politica-de-privacidad\/#breadcrumb","itemListElement":[{"@type":"ListItem","position":1,"name":"Inicio","item":"https:\/\/beatrizseisdedos.com\/"},{"@type":"ListItem","position":2,"name":"Politique de confidentialit\u00e9"}]},{"@type":"WebSite","@id":"https:\/\/beatrizseisdedos.com\/#website","url":"https:\/\/beatrizseisdedos.com\/","name":"Beatriz Seisdedos","description":"","publisher":{"@id":"https:\/\/beatrizseisdedos.com\/#organization"},"potentialAction":[{"@type":"SearchAction","target":{"@type":"EntryPoint","urlTemplate":"https:\/\/beatrizseisdedos.com\/?s={search_term_string}"},"query-input":"required name=search_term_string"}],"inLanguage":"fr-FR"},{"@type":"Organization","@id":"https:\/\/beatrizseisdedos.com\/#organization","name":"Beatriz Seisdedos","url":"https:\/\/beatrizseisdedos.com\/","logo":{"@type":"ImageObject","inLanguage":"fr-FR","@id":"https:\/\/beatrizseisdedos.com\/#\/schema\/logo\/image\/","url":"https:\/\/beatrizseisdedos.com\/wp-content\/uploads\/2023\/09\/logo_Beatriz.png","contentUrl":"https:\/\/beatrizseisdedos.com\/wp-content\/uploads\/2023\/09\/logo_Beatriz.png","width":238,"height":75,"caption":"Beatriz Seisdedos"},"image":{"@id":"https:\/\/beatrizseisdedos.com\/#\/schema\/logo\/image\/"},"sameAs":["https:\/\/www.facebook.com\/Beatriz-Seisdedos-Psicoterapia-Cognitivo-Conductual-104714477854952\/","https:\/\/www.linkedin.com\/in\/beatriz-seisdedos-5ab498202\/"]}]}},"_links":{"self":[{"href":"https:\/\/beatrizseisdedos.com\/fr\/wp-json\/wp\/v2\/pages\/1810","targetHints":{"allow":["GET"]}}],"collection":[{"href":"https:\/\/beatrizseisdedos.com\/fr\/wp-json\/wp\/v2\/pages"}],"about":[{"href":"https:\/\/beatrizseisdedos.com\/fr\/wp-json\/wp\/v2\/types\/page"}],"author":[{"embeddable":true,"href":"https:\/\/beatrizseisdedos.com\/fr\/wp-json\/wp\/v2\/users\/2"}],"replies":[{"embeddable":true,"href":"https:\/\/beatrizseisdedos.com\/fr\/wp-json\/wp\/v2\/comments?post=1810"}],"version-history":[{"count":1,"href":"https:\/\/beatrizseisdedos.com\/fr\/wp-json\/wp\/v2\/pages\/1810\/revisions"}],"predecessor-version":[{"id":1811,"href":"https:\/\/beatrizseisdedos.com\/fr\/wp-json\/wp\/v2\/pages\/1810\/revisions\/1811"}],"wp:attachment":[{"href":"https:\/\/beatrizseisdedos.com\/fr\/wp-json\/wp\/v2\/media?parent=1810"}],"curies":[{"name":"wp","href":"https:\/\/api.w.org\/{rel}","templated":true}]}}