{"id":1732,"date":"2023-10-05T10:00:41","date_gmt":"2023-10-05T10:00:41","guid":{"rendered":"https:\/\/beatrizseisdedos.com\/index.php\/politique-en-matiere-de-cookies\/"},"modified":"2023-10-27T14:44:06","modified_gmt":"2023-10-27T14:44:06","slug":"politique-en-matiere-de-cookies","status":"publish","type":"page","link":"https:\/\/beatrizseisdedos.com\/fr\/politique-en-matiere-de-cookies\/","title":{"rendered":"Politique en mati\u00e8re de cookies"},"content":{"rendered":"\t\t<div data-elementor-type=\"wp-page\" data-elementor-id=\"1732\" class=\"elementor elementor-1732 elementor-1120\" data-elementor-post-type=\"page\">\n\t\t\t\t<div class=\"elementor-element elementor-element-e1889f2 e-flex e-con-boxed e-con e-parent\" data-id=\"e1889f2\" data-element_type=\"container\">\n\t\t\t\t\t<div class=\"e-con-inner\">\n\t\t\t\t<div class=\"elementor-element elementor-element-721fbe6 elementor-widget elementor-widget-text-editor\" data-id=\"721fbe6\" data-element_type=\"widget\" data-widget_type=\"text-editor.default\">\n\t\t\t\t<div class=\"elementor-widget-container\">\n\t\t\t<style>\/*! elementor - v3.21.0 - 24-04-2024 *\/\n.elementor-widget-text-editor.elementor-drop-cap-view-stacked .elementor-drop-cap{background-color:#69727d;color:#fff}.elementor-widget-text-editor.elementor-drop-cap-view-framed .elementor-drop-cap{color:#69727d;border:3px solid;background-color:transparent}.elementor-widget-text-editor:not(.elementor-drop-cap-view-default) .elementor-drop-cap{margin-top:8px}.elementor-widget-text-editor:not(.elementor-drop-cap-view-default) .elementor-drop-cap-letter{width:1em;height:1em}.elementor-widget-text-editor .elementor-drop-cap{float:left;text-align:center;line-height:1;font-size:50px}.elementor-widget-text-editor .elementor-drop-cap-letter{display:inline-block}<\/style>\t\t\t\t<h2>D\u00c9FINITION ET FONCTIONS<\/h2>\n<p>Ce site web utilise un analyseur de trafic qui emploie de petits fichiers de donn\u00e9es connus sous le nom de \u00ab\u00a0cookies\u00a0\u00bb et\/ou des technologies similaires qui stockent et r\u00e9cup\u00e8rent des informations lorsqu&rsquo;un utilisateur navigue sur notre site web. Le serveur envoie \u00e0 l&rsquo;ordinateur de l&rsquo;utilisateur le contenu n\u00e9cessaire au bon fonctionnement et \u00e0 la visualisation du site web, ainsi qu&rsquo;\u00e0 la collecte de donn\u00e9es statistiques sur l&rsquo;utilisation du site web et de son contenu.<br \/>en naviguant sur notre site web. En g\u00e9n\u00e9ral, ces technologies peuvent servir un large \u00e9ventail d&rsquo;objectifs, dont les suivants ;<br \/>Nous pouvons collecter des informations sur votre ordinateur, y compris, le cas \u00e9ch\u00e9ant, votre adresse IP, votre syst\u00e8me d&rsquo;exploitation et votre type de navigateur. Les cookies contiennent des informations qui sont transf\u00e9r\u00e9es sur le disque dur de votre ordinateur.<br \/>Les cookies nous aident \u00e9galement \u00e0 am\u00e9liorer notre site web, \u00e0 fournir un service exceptionnel et plus personnalis\u00e9. Plus pr\u00e9cis\u00e9ment, ils nous permettent de<\/p>\n<ul>\n<li>Estimer les nombres et les mod\u00e8les d&rsquo;utilisation.<\/li>\n<li>Stocker des informations sur vos pr\u00e9f\u00e9rences et personnaliser notre site web en fonction de vos int\u00e9r\u00eats personnels.<\/li>\n<li>Acc\u00e9l\u00e9rez vos recherches.<\/li>\n<li>vous reconna\u00eetre lorsque vous revenez sur notre site.<\/li>\n<\/ul>\n<h2>QUELS TYPES DE COOKIES UTILISONS-NOUS ?<\/h2>\n<p>Selon l&rsquo;entit\u00e9 qui le g\u00e8re :<\/p>\n<p><strong>Ses propres biscuits<\/strong><br \/>Ce sont celles qui sont envoy\u00e9es \u00e0 l&rsquo;ordinateur de l&rsquo;utilisateur \u00e0 partir d&rsquo;un ordinateur ou d&rsquo;un domaine g\u00e9r\u00e9 par l&rsquo;\u00e9diteur lui-m\u00eame et \u00e0 partir duquel le service demand\u00e9 par l&rsquo;utilisateur est fourni.<\/p>\n<p><strong>Cookies de tiers<\/strong><br \/>Les cookies sont ceux qui sont envoy\u00e9s \u00e0 l&rsquo;ordinateur de l&rsquo;utilisateur \u00e0 partir d&rsquo;un ordinateur ou d&rsquo;un domaine qui n&rsquo;est pas g\u00e9r\u00e9 par l&rsquo;\u00e9diteur, mais par une autre entit\u00e9 qui traite les donn\u00e9es obtenues par le biais des cookies.<\/p>\n<p>Selon la dur\u00e9e de leur activit\u00e9 :<\/p>\n<p><strong>Cookies de session<\/strong><br \/>Il s&rsquo;agit de cookies temporaires qui restent dans le fichier cookie du navigateur de l&rsquo;utilisateur jusqu&rsquo;\u00e0 ce que ce dernier quitte le site web, de sorte qu&rsquo;aucun d&rsquo;entre eux ne reste enregistr\u00e9 sur le disque dur de l&rsquo;ordinateur de l&rsquo;utilisateur.<\/p>\n<p><strong>Cookies persistants<\/strong><br \/>Ils sont stock\u00e9s sur le disque dur et le site web les lit chaque fois que vous effectuez une nouvelle consultation.<br \/>Un cookie persistant a une date d&rsquo;expiration fixe. Le cookie cessera de fonctionner apr\u00e8s cette date.<\/p>\n<p>En fonction de leur objectif :<\/p>\n<p><strong>N\u00e9cessaire ou technique<\/strong><br \/>Ce sont ceux qui permettent \u00e0 l&rsquo;utilisateur de naviguer sur un site web, une plateforme ou une application et d&rsquo;utiliser les diff\u00e9rentes options ou services qui y existent, y compris ceux que l&rsquo;\u00e9diteur utilise pour permettre la gestion et l&rsquo;exploitation du site web et permettre ses fonctions et services, tels que, par exemple, contr\u00f4ler le trafic et la communication des donn\u00e9es, identifier la session, acc\u00e9der aux parties \u00e0 acc\u00e8s restreint, m\u00e9moriser les \u00e9l\u00e9ments constitutifs d&rsquo;une commande, effectuer le processus d&rsquo;achat d&rsquo;une commande, g\u00e9rer le paiement, contr\u00f4ler la fraude li\u00e9e \u00e0 la s\u00e9curit\u00e9 du service, effectuer une demande d&rsquo;inscription ou de participation \u00e0 un \u00e9v\u00e9nement, comptabiliser les visites aux fins de facturation des licences du logiciel avec lequel le service fonctionne (site web, plateforme ou application), g\u00e9rer le paiement, contr\u00f4ler la fraude li\u00e9e \u00e0 la s\u00e9curit\u00e9 du service, effectuer la demande d&rsquo;inscription ou de participation \u00e0 un \u00e9v\u00e9nement, comptabiliser les visites aux fins de la facturation des licences du logiciel avec lequel fonctionne le service (site web, plateforme ou application), utiliser des dispositifs de s\u00e9curit\u00e9 lors de la navigation, stocker des contenus pour la diffusion de vid\u00e9os ou de sons, activer des contenus dynamiques (par exemple, l&rsquo;animation du chargement d&rsquo;un texte ou d&rsquo;une image) ou partager des contenus par l&rsquo;interm\u00e9diaire des r\u00e9seaux sociaux.<\/p>\n<p><strong>Pr\u00e9f\u00e9rence ou personnalisation<\/strong><br \/>Il s&rsquo;agit de ceux qui permettent de m\u00e9moriser des informations afin que l&rsquo;utilisateur puisse acc\u00e9der au service avec certaines caract\u00e9ristiques qui peuvent diff\u00e9rencier son exp\u00e9rience de celle d&rsquo;autres utilisateurs, comme, par exemple, la langue, le nombre de r\u00e9sultats \u00e0 afficher lorsque l&rsquo;utilisateur effectue une recherche, l&rsquo;apparence ou le contenu du service en fonction du type de navigateur par lequel l&rsquo;utilisateur acc\u00e8de au service ou de la r\u00e9gion \u00e0 partir de laquelle l&rsquo;utilisateur acc\u00e8de au service, etc.<\/p>\n<p><strong>Analyse ou mesure<\/strong><br \/>Ce sont celles qui, trait\u00e9es par nous ou par des tiers, nous permettent de quantifier le nombre d&rsquo;utilisateurs et d&rsquo;effectuer ainsi la mesure et l&rsquo;analyse statistique de l&rsquo;utilisation faite par les utilisateurs du service offert. A cette fin, votre navigation sur notre site est analys\u00e9e afin d&rsquo;am\u00e9liorer la gamme de produits ou de services que nous vous proposons.<\/p>\n<p><strong>Publicit\u00e9 comportementale<\/strong><br \/>Il s&rsquo;agit de ceux qui, trait\u00e9s par nous ou par des tiers, nous permettent d&rsquo;analyser vos habitudes de navigation sur Internet afin de vous pr\u00e9senter des publicit\u00e9s en rapport avec votre profil de navigation.<\/p>\n<h2>L&rsquo;ACCEPTATION, LE REFUS OU LA SUPPRESSION DES COOKIES<\/h2>\n<p>Ce site web affiche des informations sur sa politique en mati\u00e8re de cookies en bas ou en haut du portail \u00e0 chaque connexion afin que vous en soyez conscient et inform\u00e9.<br \/>Vous pouvez accepter l&rsquo;installation de cookies dans votre navigateur web, que vous trouverez sur le panneau d&rsquo;information au moyen d&rsquo;un bouton qui vous permet d&rsquo;accepter tous les cookies au moyen d&rsquo;une action claire, positive et affirmative.<br \/>Vous pouvez \u00e9galement refuser l&rsquo;utilisation des cookies en s\u00e9lectionnant l&rsquo;option \u00ab\u00a0Refuser l&rsquo;installation et l&rsquo;utilisation\u00a0\u00bb dans votre navigateur en cliquant sur le bouton \u00ab\u00a0Bloquer le refus\u00a0\u00bb. Toutefois, vous devez savoir que si vous le faites, vous risquez de ne pas pouvoir profiter pleinement des avantages de l&rsquo;assurance maladie.<br \/>fonctionnalit\u00e9 de ce site web.<br \/>Enfin, vous avez la possibilit\u00e9 de supprimer les cookies pr\u00e9c\u00e9demment install\u00e9s \u00e0 partir de la configuration du navigateur que vous utilisez \u00e0 cet effet.<\/p>\n<h2>CONSENTEMENT<\/h2>\n<p>L&rsquo;utilisateur doit donner son consentement pr\u00e9alable, sauf indication contraire, \u00e0 l&rsquo;utilisation de cookies et autorise \u00e9galement le tra\u00e7age de son adresse IP lors de sa navigation sur le site.<br \/>\u00c0 moins que vous n&rsquo;ayez r\u00e9gl\u00e9 les param\u00e8tres de votre navigateur web de mani\u00e8re \u00e0 ce qu&rsquo;il refuse tout ou partie des cookies, nous demanderons le consentement de chaque utilisateur pour l&rsquo;installation et l&rsquo;exploitation de cookies pendant une p\u00e9riode de 24 mois et plus,<br \/>pendant cette m\u00eame p\u00e9riode, la s\u00e9lection des pr\u00e9f\u00e9rences de l&rsquo;utilisateur est conserv\u00e9e, sans qu&rsquo;il soit demand\u00e9 \u00e0 l&rsquo;utilisateur un nouveau consentement \u00e0 chaque fois qu&rsquo;il visite le site web.<br \/>Il existe plusieurs m\u00e9canismes d&rsquo;obtention du consentement que nous pouvons utiliser sur ce site web, par exemple au moyen d&rsquo;un format d&rsquo;information en couches, par le biais des param\u00e8tres du navigateur, ou le simple fait de continuer \u00e0 naviguer sur le site web serait suffisant.<\/p>\n<h2>CONFIGURATION<\/h2>\n<p>Conform\u00e9ment aux directives europ\u00e9ennes relatives \u00e0 la protection des donn\u00e9es qui peuvent \u00eatre affect\u00e9es par l&rsquo;utilisation de cookies, les diff\u00e9rents navigateurs Internet disposent d&rsquo;outils de configuration permettant \u00e0 l&rsquo;utilisateur, s&rsquo;il le souhaite, de d\u00e9sactiver et\/ou d&rsquo;\u00e9liminer ces cookies ou d&rsquo;activer le mode de navigation priv\u00e9e dans son navigateur.<br \/>Les param\u00e8tres des options du navigateur install\u00e9 sur votre ordinateur peuvent \u00eatre modifi\u00e9s :<br \/>Chrome <a href=\"https:\/\/support.google.com\/chrome\/answer\/95647?co=GENIE.Platform%3DDesktop&amp;hl=es\" target=\"_blank\" rel=\"noopener\">: https:\/\/support.google.com\/chrome\/answer\/95647?co=GENIE.Platform%3DDesktop&amp;hl=es<\/a><br \/>Microsoft Edge <a href=\"https:\/\/support.microsoft.com\/es-es\/help\/4027947\/microsoft-edge-delete-cookies\" target=\"_blank\" rel=\"noopener\">: https:\/\/support.microsoft.com\/es-es\/help\/4027947\/microsoft-edge-delete-cookies<\/a><br \/>Firefox <a href=\"https:\/\/support.mozilla.org\/es\/kb\/cookies-informacion-que-los-sitios-web-guardan-en\" target=\"_blank\" rel=\"noopener\">: https:\/\/support.mozilla.org\/es\/kb\/cookies-informacion-que-los-sitios-web-guardan-en<\/a><br \/>Safari <a href=\"https:\/\/support.apple.com\/es-es\/guide\/safari\/sfri11471\/mac\" target=\"_blank\" rel=\"noopener\">: https:\/\/support.apple.com\/es-es\/guide\/safari\/sfri11471\/mac<\/a><\/p>\n<h2>QUELS COOKIES UTILISONS-NOUS ET DANS QUEL BUT ?<\/h2>\n<p>Vous trouverez ci-dessous une explication plus d\u00e9taill\u00e9e de chaque type de cookie, de sa finalit\u00e9, de son type, de sa temporalit\u00e9 et de sa propri\u00e9t\u00e9 :<br \/><strong>Cookies<\/strong><br \/>Google Analytics :<br \/>_ga<br \/>_gat<br \/>_gid<\/p>\n<p><strong>Objectif<\/strong><br \/>G\u00e9n\u00e9rer un identifiant unique de l&rsquo;utilisateur, qui est utilis\u00e9 pour compter le nombre de fois qu&rsquo;un utilisateur visite le site, ainsi que la date de la premi\u00e8re et de la derni\u00e8re visite. enregistrer la date et l&rsquo;heure d&rsquo;acc\u00e8s \u00e0 l&rsquo;une des pages du site. V\u00e9rifier la n\u00e9cessit\u00e9 de maintenir ouverte la session d&rsquo;un utilisateur ou d&rsquo;en cr\u00e9er une nouvelle. Identifier la session de l&rsquo;utilisateur, afin de d\u00e9terminer sa localisation<br \/>la localisation g\u00e9ographique approximative de l&rsquo;ordinateur qui acc\u00e8de au site \u00e0 des fins statistiques.<\/p>\n<p><strong>Type<\/strong><br \/>Analytica<\/p>\n<p><strong>Temporalit\u00e9<\/strong><br \/>Permanent<\/p>\n<p><strong>Propri\u00e9t\u00e9<\/strong><br \/>\u00c9tranger. Conditions de service<\/p>\n<p>Consentement \u00e0 l&rsquo;utilisation de cookies :<br \/>moove_gdpr_popup<\/p>\n<p><strong>Objectif<\/strong><br \/>Sauvegarder la d\u00e9cision de l&rsquo;utilisateur d&rsquo;accepter ou non l&rsquo;installation de cookies.<\/p>\n<p><strong>Type<\/strong><br \/>Technique<\/p>\n<p><strong>Temporalit\u00e9<\/strong><br \/>1 an<\/p>\n<p><strong>Propri\u00e9t\u00e9<\/strong><br \/>Propre \u00e0 l&rsquo;entreprise<\/p>\n\t\t\t\t\t\t<\/div>\n\t\t\t\t<\/div>\n\t\t\t\t\t<\/div>\n\t\t\t\t<\/div>\n\t\t\t\t<\/div>\n\t\t","protected":false},"excerpt":{"rendered":"<p>D\u00c9FINITION ET FONCTIONS Ce site web utilise un analyseur de trafic qui emploie de petits fichiers de donn\u00e9es connus sous le nom de \u00ab\u00a0cookies\u00a0\u00bb et\/ou des technologies similaires qui stockent et r\u00e9cup\u00e8rent des informations lorsqu&rsquo;un utilisateur navigue sur notre site web. Le serveur envoie \u00e0 l&rsquo;ordinateur de l&rsquo;utilisateur le contenu n\u00e9cessaire au bon fonctionnement et [&hellip;]<\/p>\n","protected":false},"author":2,"featured_media":0,"parent":0,"menu_order":0,"comment_status":"closed","ping_status":"closed","template":"","meta":{"footnotes":""},"class_list":["post-1732","page","type-page","status-publish","hentry"],"yoast_head":"<!-- This site is optimized with the Yoast SEO plugin v22.5 - https:\/\/yoast.com\/wordpress\/plugins\/seo\/ -->\n<title>Politique en mati\u00e8re de cookies | Beatriz Seisdedos<\/title>\n<meta name=\"robots\" content=\"index, follow, max-snippet:-1, max-image-preview:large, max-video-preview:-1\" \/>\n<link rel=\"canonical\" href=\"https:\/\/beatrizseisdedos.com\/politica-de-cookies\/\" \/>\n<meta property=\"og:locale\" content=\"fr_FR\" \/>\n<meta property=\"og:type\" content=\"article\" \/>\n<meta property=\"og:title\" content=\"Politique en mati\u00e8re de cookies | Beatriz Seisdedos\" \/>\n<meta property=\"og:description\" content=\"D\u00c9FINITION ET FONCTIONS Ce site web utilise un analyseur de trafic qui emploie de petits fichiers de donn\u00e9es connus sous le nom de \u00ab\u00a0cookies\u00a0\u00bb et\/ou des technologies similaires qui stockent et r\u00e9cup\u00e8rent des informations lorsqu&rsquo;un utilisateur navigue sur notre site web. Le serveur envoie \u00e0 l&rsquo;ordinateur de l&rsquo;utilisateur le contenu n\u00e9cessaire au bon fonctionnement et [&hellip;]\" \/>\n<meta property=\"og:url\" content=\"https:\/\/beatrizseisdedos.com\/politica-de-cookies\/\" \/>\n<meta property=\"og:site_name\" content=\"Beatriz Seisdedos\" \/>\n<meta property=\"article:publisher\" content=\"https:\/\/www.facebook.com\/Beatriz-Seisdedos-Psicoterapia-Cognitivo-Conductual-104714477854952\/\" \/>\n<meta property=\"article:modified_time\" content=\"2023-10-27T14:44:06+00:00\" \/>\n<meta property=\"og:image\" content=\"https:\/\/beatrizseisdedos.com\/wp-content\/uploads\/2023\/10\/faviconbeatrizseisdedos.png\" \/>\n\t<meta property=\"og:image:width\" content=\"512\" \/>\n\t<meta property=\"og:image:height\" content=\"512\" \/>\n\t<meta property=\"og:image:type\" content=\"image\/png\" \/>\n<meta name=\"twitter:card\" content=\"summary_large_image\" \/>\n<meta name=\"twitter:label1\" content=\"Dur\u00e9e de lecture estim\u00e9e\" \/>\n\t<meta name=\"twitter:data1\" content=\"7 minutes\" \/>\n<script type=\"application\/ld+json\" class=\"yoast-schema-graph\">{\"@context\":\"https:\/\/schema.org\",\"@graph\":[{\"@type\":[\"WebPage\",\"MedicalWebPage\"],\"@id\":\"https:\/\/beatrizseisdedos.com\/politica-de-cookies\/\",\"url\":\"https:\/\/beatrizseisdedos.com\/politica-de-cookies\/\",\"name\":\"Politique en mati\u00e8re de cookies | Beatriz Seisdedos\",\"isPartOf\":{\"@id\":\"https:\/\/beatrizseisdedos.com\/#website\"},\"datePublished\":\"2023-10-05T10:00:41+00:00\",\"dateModified\":\"2023-10-27T14:44:06+00:00\",\"breadcrumb\":{\"@id\":\"https:\/\/beatrizseisdedos.com\/politica-de-cookies\/#breadcrumb\"},\"inLanguage\":\"fr-FR\",\"potentialAction\":[{\"@type\":\"ReadAction\",\"target\":[\"https:\/\/beatrizseisdedos.com\/politica-de-cookies\/\"]}]},{\"@type\":\"BreadcrumbList\",\"@id\":\"https:\/\/beatrizseisdedos.com\/politica-de-cookies\/#breadcrumb\",\"itemListElement\":[{\"@type\":\"ListItem\",\"position\":1,\"name\":\"Inicio\",\"item\":\"https:\/\/beatrizseisdedos.com\/\"},{\"@type\":\"ListItem\",\"position\":2,\"name\":\"Politique en mati\u00e8re de cookies\"}]},{\"@type\":\"WebSite\",\"@id\":\"https:\/\/beatrizseisdedos.com\/#website\",\"url\":\"https:\/\/beatrizseisdedos.com\/\",\"name\":\"Beatriz Seisdedos\",\"description\":\"\",\"publisher\":{\"@id\":\"https:\/\/beatrizseisdedos.com\/#organization\"},\"potentialAction\":[{\"@type\":\"SearchAction\",\"target\":{\"@type\":\"EntryPoint\",\"urlTemplate\":\"https:\/\/beatrizseisdedos.com\/?s={search_term_string}\"},\"query-input\":\"required name=search_term_string\"}],\"inLanguage\":\"fr-FR\"},{\"@type\":\"Organization\",\"@id\":\"https:\/\/beatrizseisdedos.com\/#organization\",\"name\":\"Beatriz Seisdedos\",\"url\":\"https:\/\/beatrizseisdedos.com\/\",\"logo\":{\"@type\":\"ImageObject\",\"inLanguage\":\"fr-FR\",\"@id\":\"https:\/\/beatrizseisdedos.com\/#\/schema\/logo\/image\/\",\"url\":\"https:\/\/beatrizseisdedos.com\/wp-content\/uploads\/2023\/09\/logo_Beatriz.png\",\"contentUrl\":\"https:\/\/beatrizseisdedos.com\/wp-content\/uploads\/2023\/09\/logo_Beatriz.png\",\"width\":238,\"height\":75,\"caption\":\"Beatriz Seisdedos\"},\"image\":{\"@id\":\"https:\/\/beatrizseisdedos.com\/#\/schema\/logo\/image\/\"},\"sameAs\":[\"https:\/\/www.facebook.com\/Beatriz-Seisdedos-Psicoterapia-Cognitivo-Conductual-104714477854952\/\",\"https:\/\/www.linkedin.com\/in\/beatriz-seisdedos-5ab498202\/\"]}]}<\/script>\n<!-- \/ Yoast SEO plugin. -->","yoast_head_json":{"title":"Politique en mati\u00e8re de cookies | Beatriz Seisdedos","robots":{"index":"index","follow":"follow","max-snippet":"max-snippet:-1","max-image-preview":"max-image-preview:large","max-video-preview":"max-video-preview:-1"},"canonical":"https:\/\/beatrizseisdedos.com\/politica-de-cookies\/","og_locale":"fr_FR","og_type":"article","og_title":"Politique en mati\u00e8re de cookies | Beatriz Seisdedos","og_description":"D\u00c9FINITION ET FONCTIONS Ce site web utilise un analyseur de trafic qui emploie de petits fichiers de donn\u00e9es connus sous le nom de \u00ab\u00a0cookies\u00a0\u00bb et\/ou des technologies similaires qui stockent et r\u00e9cup\u00e8rent des informations lorsqu&rsquo;un utilisateur navigue sur notre site web. Le serveur envoie \u00e0 l&rsquo;ordinateur de l&rsquo;utilisateur le contenu n\u00e9cessaire au bon fonctionnement et [&hellip;]","og_url":"https:\/\/beatrizseisdedos.com\/politica-de-cookies\/","og_site_name":"Beatriz Seisdedos","article_publisher":"https:\/\/www.facebook.com\/Beatriz-Seisdedos-Psicoterapia-Cognitivo-Conductual-104714477854952\/","article_modified_time":"2023-10-27T14:44:06+00:00","og_image":[{"width":512,"height":512,"url":"https:\/\/beatrizseisdedos.com\/wp-content\/uploads\/2023\/10\/faviconbeatrizseisdedos.png","type":"image\/png"}],"twitter_card":"summary_large_image","twitter_misc":{"Dur\u00e9e de lecture estim\u00e9e":"7 minutes"},"schema":{"@context":"https:\/\/schema.org","@graph":[{"@type":["WebPage","MedicalWebPage"],"@id":"https:\/\/beatrizseisdedos.com\/politica-de-cookies\/","url":"https:\/\/beatrizseisdedos.com\/politica-de-cookies\/","name":"Politique en mati\u00e8re de cookies | Beatriz Seisdedos","isPartOf":{"@id":"https:\/\/beatrizseisdedos.com\/#website"},"datePublished":"2023-10-05T10:00:41+00:00","dateModified":"2023-10-27T14:44:06+00:00","breadcrumb":{"@id":"https:\/\/beatrizseisdedos.com\/politica-de-cookies\/#breadcrumb"},"inLanguage":"fr-FR","potentialAction":[{"@type":"ReadAction","target":["https:\/\/beatrizseisdedos.com\/politica-de-cookies\/"]}]},{"@type":"BreadcrumbList","@id":"https:\/\/beatrizseisdedos.com\/politica-de-cookies\/#breadcrumb","itemListElement":[{"@type":"ListItem","position":1,"name":"Inicio","item":"https:\/\/beatrizseisdedos.com\/"},{"@type":"ListItem","position":2,"name":"Politique en mati\u00e8re de cookies"}]},{"@type":"WebSite","@id":"https:\/\/beatrizseisdedos.com\/#website","url":"https:\/\/beatrizseisdedos.com\/","name":"Beatriz Seisdedos","description":"","publisher":{"@id":"https:\/\/beatrizseisdedos.com\/#organization"},"potentialAction":[{"@type":"SearchAction","target":{"@type":"EntryPoint","urlTemplate":"https:\/\/beatrizseisdedos.com\/?s={search_term_string}"},"query-input":"required name=search_term_string"}],"inLanguage":"fr-FR"},{"@type":"Organization","@id":"https:\/\/beatrizseisdedos.com\/#organization","name":"Beatriz Seisdedos","url":"https:\/\/beatrizseisdedos.com\/","logo":{"@type":"ImageObject","inLanguage":"fr-FR","@id":"https:\/\/beatrizseisdedos.com\/#\/schema\/logo\/image\/","url":"https:\/\/beatrizseisdedos.com\/wp-content\/uploads\/2023\/09\/logo_Beatriz.png","contentUrl":"https:\/\/beatrizseisdedos.com\/wp-content\/uploads\/2023\/09\/logo_Beatriz.png","width":238,"height":75,"caption":"Beatriz Seisdedos"},"image":{"@id":"https:\/\/beatrizseisdedos.com\/#\/schema\/logo\/image\/"},"sameAs":["https:\/\/www.facebook.com\/Beatriz-Seisdedos-Psicoterapia-Cognitivo-Conductual-104714477854952\/","https:\/\/www.linkedin.com\/in\/beatriz-seisdedos-5ab498202\/"]}]}},"_links":{"self":[{"href":"https:\/\/beatrizseisdedos.com\/fr\/wp-json\/wp\/v2\/pages\/1732","targetHints":{"allow":["GET"]}}],"collection":[{"href":"https:\/\/beatrizseisdedos.com\/fr\/wp-json\/wp\/v2\/pages"}],"about":[{"href":"https:\/\/beatrizseisdedos.com\/fr\/wp-json\/wp\/v2\/types\/page"}],"author":[{"embeddable":true,"href":"https:\/\/beatrizseisdedos.com\/fr\/wp-json\/wp\/v2\/users\/2"}],"replies":[{"embeddable":true,"href":"https:\/\/beatrizseisdedos.com\/fr\/wp-json\/wp\/v2\/comments?post=1732"}],"version-history":[{"count":2,"href":"https:\/\/beatrizseisdedos.com\/fr\/wp-json\/wp\/v2\/pages\/1732\/revisions"}],"predecessor-version":[{"id":1803,"href":"https:\/\/beatrizseisdedos.com\/fr\/wp-json\/wp\/v2\/pages\/1732\/revisions\/1803"}],"wp:attachment":[{"href":"https:\/\/beatrizseisdedos.com\/fr\/wp-json\/wp\/v2\/media?parent=1732"}],"curies":[{"name":"wp","href":"https:\/\/api.w.org\/{rel}","templated":true}]}}