{"id":1690,"date":"2023-10-05T09:59:47","date_gmt":"2023-10-05T09:59:47","guid":{"rendered":"https:\/\/beatrizseisdedos.com\/index.php\/avis-juridique\/"},"modified":"2023-10-27T14:43:23","modified_gmt":"2023-10-27T14:43:23","slug":"avis-juridique","status":"publish","type":"page","link":"https:\/\/beatrizseisdedos.com\/fr\/avis-juridique\/","title":{"rendered":"Avis juridique"},"content":{"rendered":"\t\t<div data-elementor-type=\"wp-page\" data-elementor-id=\"1690\" class=\"elementor elementor-1690 elementor-1115\" data-elementor-post-type=\"page\">\n\t\t\t\t<div class=\"elementor-element elementor-element-9c58fb9 e-flex e-con-boxed e-con e-parent\" data-id=\"9c58fb9\" data-element_type=\"container\">\n\t\t\t\t\t<div class=\"e-con-inner\">\n\t\t\t\t<div class=\"elementor-element elementor-element-f21486e elementor-widget elementor-widget-text-editor\" data-id=\"f21486e\" data-element_type=\"widget\" data-widget_type=\"text-editor.default\">\n\t\t\t\t<div class=\"elementor-widget-container\">\n\t\t\t<style>\/*! elementor - v3.21.0 - 24-04-2024 *\/\n.elementor-widget-text-editor.elementor-drop-cap-view-stacked .elementor-drop-cap{background-color:#69727d;color:#fff}.elementor-widget-text-editor.elementor-drop-cap-view-framed .elementor-drop-cap{color:#69727d;border:3px solid;background-color:transparent}.elementor-widget-text-editor:not(.elementor-drop-cap-view-default) .elementor-drop-cap{margin-top:8px}.elementor-widget-text-editor:not(.elementor-drop-cap-view-default) .elementor-drop-cap-letter{width:1em;height:1em}.elementor-widget-text-editor .elementor-drop-cap{float:left;text-align:center;line-height:1;font-size:50px}.elementor-widget-text-editor .elementor-drop-cap-letter{display:inline-block}<\/style>\t\t\t\t<h1 class=\"htextosLegales\">INTRODUCTION :<\/h1>\n<p>Le pr\u00e9sent document a pour objet d&rsquo;\u00e9tablir et de r\u00e9glementer les r\u00e8gles d&rsquo;utilisation de ce portail web, \u00e0 savoir toutes les pages et leur contenu, propri\u00e9t\u00e9 de SEISDEDOS DE VEGA, BEATRIZ , auxquelles on acc\u00e8de par le biais du domaine www.beatrizseisdedos.com. L&rsquo;utilisation du portail web conf\u00e8re la condition d&rsquo;utilisateur de ce dernier et implique l&rsquo;acceptation de toutes les conditions incluses dans le pr\u00e9sent avis juridique. L&rsquo;utilisateur s&rsquo;engage \u00e0 lire attentivement le pr\u00e9sent avis juridique chaque fois qu&rsquo;il a l&rsquo;intention d&rsquo;utiliser notre site web,<br \/>car les conditions d&rsquo;utilisation contenues dans les pr\u00e9sentes mentions l\u00e9gales peuvent faire l&rsquo;objet de modifications.<\/p>\n<h2 class=\"htextosLegales\">LES DONN\u00c9ES D&rsquo;IDENTIFICATION :<\/h2>\n<p>Conform\u00e9ment \u00e0 l&rsquo;obligation de fournir les informations vis\u00e9es \u00e0 l&rsquo;article 10 de la loi 34\/2002, du 11 juillet, sur les services de la soci\u00e9t\u00e9 de l&rsquo;information et le commerce \u00e9lectronique, les informations suivantes sont fournies ci-dessous :<\/p>\n<ul>\n<li>Nom commercial : SEISDEDOS DE VEGA, BEATRIZ<\/li>\n<li>NUM\u00c9RO DE TVA : 45680339Q<\/li>\n<li>Adresse: : Lugar La Lloraza, 22, Casa, CP 33315 OLES, Asturias<\/li>\n<li>T\u00e9l\u00e9phone : 606321821<\/li>\n<li>Courriel : <a href=\"mailto:beatriz.seisdedos@prontonmail.com\">beatriz.seisdedos@prontonmail.com<\/a><\/li>\n<li>Nom de domaine : beatrizseisdedos.com<\/li>\n<\/ul>\n<h2 class=\"htextosLegales\">UTILISATEURS :<\/h2>\n<p>L&rsquo;acc\u00e8s et l&rsquo;utilisation de ce portail, attribue la condition d&rsquo;UTILISATEUR, qui accepte, \u00e0 partir de cet acc\u00e8s et de cette utilisation, les Conditions G\u00e9n\u00e9rales d&rsquo;Utilisation refl\u00e9t\u00e9es ici. Les pr\u00e9sentes conditions g\u00e9n\u00e9rales s&rsquo;appliquent ind\u00e9pendamment des conditions g\u00e9n\u00e9rales de vente \u00e9ventuellement applicables.<br \/>sont obligatoires.<\/p>\n<h2 class=\"htextosLegales\">L&rsquo;UTILISATION DU PORTAIL :<\/h2>\n<p>beatrizseisdedos.com donne acc\u00e8s \u00e0 diverses informations sur notre entreprise, \u00e0 des sections de contact, \u00e0 des hyperliens vers des r\u00e9seaux sociaux, ci-apr\u00e8s contenus appartenant \u00e0 SEISDEDOS DE VEGA, BEATRIZ, ou \u00e0 ses conc\u00e9dants de licence, auxquels l&rsquo;utilisateur peut avoir acc\u00e8s. L&rsquo;utilisateur assume la responsabilit\u00e9 de l&rsquo;utilisation du portail.<br \/>Cette responsabilit\u00e9 s&rsquo;\u00e9tend \u00e0 l&rsquo;enregistrement qui peut \u00eatre n\u00e9cessaire pour acc\u00e9der \u00e0 certains services ou contenus, ou pour permettre une r\u00e9ponse \u00e0 vos questions dans les sections de contact de ce site web, etc. Lors de cet enregistrement, l&rsquo;utilisateur sera<br \/>responsable de la fourniture d&rsquo;informations v\u00e9ridiques et licites.<\/p>\n<h2 class=\"htextosLegales\">LA PROPRI\u00c9T\u00c9 INTELLECTUELLE ET INDUSTRIELLE :<\/h2>\n<p>SEISDEDOS DE VEGA, BEATRIZ, par elle-m\u00eame ou en tant que cessionnaire, est titulaire de tous les droits de propri\u00e9t\u00e9 intellectuelle et industrielle de sa page web, ainsi que des \u00e9l\u00e9ments qu&rsquo;elle contient (y compris, mais sans s&rsquo;y limiter : images, sons, audio, vid\u00e9o, logiciels ou textes ; marques ou logos, combinaisons de couleurs, structure et conception, s\u00e9lection des mat\u00e9riaux utilis\u00e9s, programmes informatiques n\u00e9cessaires \u00e0 son fonctionnement, \u00e0 son acc\u00e8s et \u00e0 son utilisation, etc.) Tous droits r\u00e9serv\u00e9s. En vertu des dispositions des articles 8 et 32.2, deuxi\u00e8me alin\u00e9a, de la loi sur la propri\u00e9t\u00e9 intellectuelle, la reproduction, la distribution et la communication publique, y compris la mise \u00e0 disposition, de tout ou partie du contenu de ce site Web, \u00e0 des fins commerciales, sur tout support et par tout moyen technique, sans l&rsquo;autorisation de SEISDEDOS DE VEGA, BEATRIZ, sont express\u00e9ment interdites. \u00c0 aucun moment, sauf indication contraire expresse, l&rsquo;acc\u00e8s, la navigation ou l&rsquo;utilisation du site web ou de son contenu ne conf\u00e8re \u00e0 l&rsquo;utilisateur un droit quelconque sur les signes distinctifs qui y figurent.<br \/>L&rsquo;utilisateur s&rsquo;engage \u00e0 respecter les droits de propri\u00e9t\u00e9 intellectuelle et industrielle de SEISDEDOS DE VEGA, BEATRIZ Dans le cas o\u00f9 l&rsquo;utilisateur envoie des informations de toute nature \u00e0 SEISDEDOS DE VEGA, BEATRIZ par l&rsquo;un des canaux pr\u00e9vus \u00e0 cet effet sur notre portail web, l&rsquo;utilisateur d\u00e9clare, garantit et accepte qu&rsquo;il a le droit de le faire librement, que ces informations n&rsquo;enfreignent aucun droit de propri\u00e9t\u00e9 intellectuelle ou industrielle, ni aucun autre droit de tiers, et que ces informations n&rsquo;enfreignent aucun droit de propri\u00e9t\u00e9 intellectuelle ou industrielle, ni aucun autre droit de tiers, l&rsquo;utilisateur d\u00e9clare, garantit et accepte qu&rsquo;il a le droit de le faire librement, que ces informations ne violent aucun droit de propri\u00e9t\u00e9 intellectuelle ou industrielle, ni aucun autre droit de tiers, et que ces informations ne sont ni confidentielles ni pr\u00e9judiciables \u00e0 des tiers.<\/p>\n<h2 class=\"htextosLegales\">EXCLUSION DES GARANTIES ET DE LA RESPONSABILIT\u00c9 :<\/h2>\n<p>SEISDEDOS DE VEGA, BEATRIZ d\u00e9cline toute responsabilit\u00e9, quelles que soient les circonstances, pour les dommages de toute nature qui pourraient \u00eatre caus\u00e9s, y compris, mais sans s&rsquo;y limiter : les erreurs ou omissions dans le contenu, le manque de disponibilit\u00e9 du portail ou la transmission de virus ou de programmes malveillants ou nuisibles dans le contenu, malgr\u00e9 l&rsquo;adoption de toutes les mesures technologiques n\u00e9cessaires pour l&rsquo;\u00e9viter. Le contenu, les informations et les conseils exprim\u00e9s sur ce site web doivent \u00eatre consid\u00e9r\u00e9s comme purement indicatifs. SEISDEDOS DE VEGA, BEATRIZ n&rsquo;est en aucun cas responsable de l&rsquo;efficacit\u00e9 ou de l&rsquo;exactitude des informations contenues dans le pr\u00e9sent document.<br \/>les utilisateurs qui y ont recours.<br \/>Le contenu et les commentaires fournis par des tiers peuvent \u00eatre publi\u00e9s sur ce site.<br \/>SEISDEDOS DE VEGA, BEATRIZ n&rsquo;est pas responsable de la v\u00e9racit\u00e9 et de l&rsquo;exactitude de ces derniers, \u00e9tant exempt\u00e9e de toute responsabilit\u00e9 envers les utilisateurs et les usagers qui en font usage. SEISDEDOS DE VEGA, BEATRIZ se r\u00e9serve le droit de modifier le contenu du Site sans pr\u00e9avis et sans aucune limitation. De m\u00eame, l&rsquo;entreprise d\u00e9cline toute responsabilit\u00e9 pour les \u00e9ventuels dommages qui pourraient \u00eatre caus\u00e9s par le manque de disponibilit\u00e9 ou de continuit\u00e9 de ce site et des services qui y sont offerts. Nous ne pouvons pas non plus garantir l&rsquo;absence de virus ou d&rsquo;autres \u00e9l\u00e9ments sur le site web susceptibles de provoquer des alt\u00e9rations de votre syst\u00e8me informatique. SEISDEDOS DE VEGA, BEATRIZ d\u00e9cline toute responsabilit\u00e9 quant aux services et \u00e0 l&rsquo;information fournis sur d&rsquo;autres sites li\u00e9s \u00e0 celui-ci, \u00e9tant donn\u00e9 qu&rsquo;elle ne contr\u00f4le ni n&rsquo;exerce aucun type de surveillance sur les sites Web de tiers. Nous conseillons aux utilisateurs de ces sites de faire preuve de prudence et de consulter les conditions juridiques qui y sont affich\u00e9es. De m\u00eame, les utilisateurs qui envoient tout type d&rsquo;information au site web doivent s&rsquo;assurer que celle-ci est v\u00e9ridique et qu&rsquo;elle ne viole pas les droits de tiers ou la l\u00e9gislation en vigueur. Si vous pensez qu&rsquo;un contenu ou une information de ce site viole un droit l\u00e9gitime ou la loi, nous vous serions tr\u00e8s reconnaissants de nous contacter par tout moyen que vous jugerez appropri\u00e9, soit \u00e0 l&rsquo;adresse suivante<br \/>\u00e0 l&rsquo;adresse \u00e9lectronique beatriz.seisdedos@prontonmail.com ou au num\u00e9ro de t\u00e9l\u00e9phone suivant 606321821 afin que nous puissions prendre les mesures qui s&rsquo;imposent.<\/p>\n<h2 class=\"htextosLegales\">MODIFICATIONS :<\/h2>\n<p>SEISDEDOS DE VEGA, BEATRIZ se r\u00e9serve le droit d&rsquo;apporter des modifications inopin\u00e9es qu&rsquo;il juge appropri\u00e9es \u00e0 son portail, et peut modifier, supprimer ou ajouter des contenus et des services fournis \u00e0 travers la m\u00eame que la fa\u00e7on dont ils sont pr\u00e9sent\u00e9s ou situ\u00e9s sur son portail.<\/p>\n<h2 class=\"htextosLegales\">LIENS :<\/h2>\n<p>Dans le cas o\u00f9 le nom de domaine contiendrait des liens ou des hyperliens vers d&rsquo;autres sites Internet, SEISDEDOS DE VEGA, BEATRIZ n&rsquo;exercera aucun type de contr\u00f4le sur ces sites et leur contenu. SEISDEDOS DE VEGA, BEATRIZ n&rsquo;assume en aucun cas la responsabilit\u00e9 du contenu de tout lien appartenant \u00e0 un site Web externe, ni ne garantit la disponibilit\u00e9 technique, la qualit\u00e9, la fiabilit\u00e9, l&rsquo;exactitude, l&rsquo;exhaustivit\u00e9, la v\u00e9racit\u00e9, la validit\u00e9 et la constitutionnalit\u00e9 de tout mat\u00e9riel ou information contenu dans l&rsquo;un de ces hyperliens ou dans d&rsquo;autres sites Internet. De m\u00eame, l&rsquo;inclusion de ces connexions externes n&rsquo;a pas pour effet d&#8217;emp\u00eacher la mise en place d&rsquo;un syst\u00e8me de gestion de l&rsquo;information.<br \/>impliquer toute forme d&rsquo;association, de fusion ou de participation avec les entit\u00e9s li\u00e9es.<br \/>L&rsquo;utilisateur reconna\u00eet et accepte que SEISDEDOS DE VEGA, BEATRIZ ne soit pas responsable de toute perte ou de tout dommage que l&rsquo;utilisateur pourrait subir du fait de l&rsquo;utilisation de l&rsquo;espace de travail de SEISDEDOS DE VEGA, BEATRIZ.<br \/>la disponibilit\u00e9 de ces sites web ou de ces ressources externes, ou en raison de la cr\u00e9dibilit\u00e9 qu&rsquo;elle accorde \u00e0 leur exhaustivit\u00e9,<br \/>l&rsquo;exactitude ou l&rsquo;existence de toute publicit\u00e9, de tout produit ou de tout autre mat\u00e9riel offert par l&rsquo;interm\u00e9diaire de ce site web ou d&rsquo;autres ressources.<\/p>\n<h2 class=\"htextosLegales\">DROIT D&rsquo;EXCLUSION :<\/h2>\n<p>SEISDEDOS DE VEGA, BEATRIZ se r\u00e9serve le droit de refuser ou de retirer l&rsquo;acc\u00e8s au portail ou aux services offerts sans pr\u00e9avis, \u00e0 sa demande ou \u00e0 la demande de tiers, aux utilisateurs qui ne respectent pas les pr\u00e9sentes conditions g\u00e9n\u00e9rales d&rsquo;utilisation.<\/p>\n<h2 class=\"htextosLegales\">G\u00c9N\u00c9RALIT\u00c9S :<\/h2>\n<p>SEISDEDOS DE VEGA, BEATRIZ poursuivra la violation des pr\u00e9sentes conditions, ainsi que toute utilisation abusive de son portail en exer\u00e7ant toutes les actions civiles et p\u00e9nales qui peuvent lui correspondre en vertu de la loi.<\/p>\n<h2 class=\"htextosLegales\">DROIT APPLICABLE ET JURIDICTION :<\/h2>\n<p>La relation entre SEISDEDOS DE VEGA, BEATRIZ et l&rsquo;utilisateur est r\u00e9gie par la l\u00e9gislation espagnole en vigueur. Et \u00e0 condition que la r\u00e9glementation en vigueur \u00e9tablisse la possibilit\u00e9 pour les parties de se soumettre \u00e0 une juridiction sp\u00e9cifique, tout litige entre le responsable du site web et l&rsquo;utilisateur sera soumis aux Cours et Tribunaux de la ville des Asturies.<\/p>\n<h2 class=\"htextosLegales\">PLATE-FORME EUROP\u00c9ENNE POUR LE R\u00c8GLEMENT DES LITIGES EN LIGNE :<\/h2>\n<p>Nous vous informons qu&rsquo;en cas de probl\u00e8me li\u00e9 au service contract\u00e9 ou au produit vendu, vous pouvez utiliser la plateforme europ\u00e9enne de r\u00e9solution des litiges en ligne, \u00e0 savoir :<br \/>https:\/\/ec.europa.eu\/consumers\/odr\/main\/index.cfm?event=main.home.show&amp;lng=ES.<\/p>\n\t\t\t\t\t\t<\/div>\n\t\t\t\t<\/div>\n\t\t\t\t\t<\/div>\n\t\t\t\t<\/div>\n\t\t\t\t<\/div>\n\t\t","protected":false},"excerpt":{"rendered":"<p>INTRODUCTION : Le pr\u00e9sent document a pour objet d&rsquo;\u00e9tablir et de r\u00e9glementer les r\u00e8gles d&rsquo;utilisation de ce portail web, \u00e0 savoir toutes les pages et leur contenu, propri\u00e9t\u00e9 de SEISDEDOS DE VEGA, BEATRIZ , auxquelles on acc\u00e8de par le biais du domaine www.beatrizseisdedos.com. L&rsquo;utilisation du portail web conf\u00e8re la condition d&rsquo;utilisateur de ce dernier et [&hellip;]<\/p>\n","protected":false},"author":2,"featured_media":0,"parent":0,"menu_order":0,"comment_status":"closed","ping_status":"closed","template":"","meta":{"footnotes":""},"class_list":["post-1690","page","type-page","status-publish","hentry"],"yoast_head":"<!-- This site is optimized with the Yoast SEO plugin v22.5 - https:\/\/yoast.com\/wordpress\/plugins\/seo\/ -->\n<title>Avis juridique | Beatriz Seisdedos<\/title>\n<meta name=\"robots\" content=\"index, follow, max-snippet:-1, max-image-preview:large, max-video-preview:-1\" \/>\n<link rel=\"canonical\" href=\"https:\/\/beatrizseisdedos.com\/aviso-legal\/\" \/>\n<meta property=\"og:locale\" content=\"fr_FR\" \/>\n<meta property=\"og:type\" content=\"article\" \/>\n<meta property=\"og:title\" content=\"Avis juridique | Beatriz Seisdedos\" \/>\n<meta property=\"og:description\" content=\"INTRODUCTION : Le pr\u00e9sent document a pour objet d&rsquo;\u00e9tablir et de r\u00e9glementer les r\u00e8gles d&rsquo;utilisation de ce portail web, \u00e0 savoir toutes les pages et leur contenu, propri\u00e9t\u00e9 de SEISDEDOS DE VEGA, BEATRIZ , auxquelles on acc\u00e8de par le biais du domaine www.beatrizseisdedos.com. L&rsquo;utilisation du portail web conf\u00e8re la condition d&rsquo;utilisateur de ce dernier et [&hellip;]\" \/>\n<meta property=\"og:url\" content=\"https:\/\/beatrizseisdedos.com\/aviso-legal\/\" \/>\n<meta property=\"og:site_name\" content=\"Beatriz Seisdedos\" \/>\n<meta property=\"article:publisher\" content=\"https:\/\/www.facebook.com\/Beatriz-Seisdedos-Psicoterapia-Cognitivo-Conductual-104714477854952\/\" \/>\n<meta property=\"article:modified_time\" content=\"2023-10-27T14:43:23+00:00\" \/>\n<meta property=\"og:image\" content=\"https:\/\/beatrizseisdedos.com\/wp-content\/uploads\/2023\/10\/faviconbeatrizseisdedos.png\" \/>\n\t<meta property=\"og:image:width\" content=\"512\" \/>\n\t<meta property=\"og:image:height\" content=\"512\" \/>\n\t<meta property=\"og:image:type\" content=\"image\/png\" \/>\n<meta name=\"twitter:card\" content=\"summary_large_image\" \/>\n<meta name=\"twitter:label1\" content=\"Dur\u00e9e de lecture estim\u00e9e\" \/>\n\t<meta name=\"twitter:data1\" content=\"8 minutes\" \/>\n<script type=\"application\/ld+json\" class=\"yoast-schema-graph\">{\"@context\":\"https:\/\/schema.org\",\"@graph\":[{\"@type\":[\"WebPage\",\"MedicalWebPage\"],\"@id\":\"https:\/\/beatrizseisdedos.com\/aviso-legal\/\",\"url\":\"https:\/\/beatrizseisdedos.com\/aviso-legal\/\",\"name\":\"Avis juridique | Beatriz Seisdedos\",\"isPartOf\":{\"@id\":\"https:\/\/beatrizseisdedos.com\/#website\"},\"datePublished\":\"2023-10-05T09:59:47+00:00\",\"dateModified\":\"2023-10-27T14:43:23+00:00\",\"breadcrumb\":{\"@id\":\"https:\/\/beatrizseisdedos.com\/aviso-legal\/#breadcrumb\"},\"inLanguage\":\"fr-FR\",\"potentialAction\":[{\"@type\":\"ReadAction\",\"target\":[\"https:\/\/beatrizseisdedos.com\/aviso-legal\/\"]}]},{\"@type\":\"BreadcrumbList\",\"@id\":\"https:\/\/beatrizseisdedos.com\/aviso-legal\/#breadcrumb\",\"itemListElement\":[{\"@type\":\"ListItem\",\"position\":1,\"name\":\"Inicio\",\"item\":\"https:\/\/beatrizseisdedos.com\/\"},{\"@type\":\"ListItem\",\"position\":2,\"name\":\"Avis juridique\"}]},{\"@type\":\"WebSite\",\"@id\":\"https:\/\/beatrizseisdedos.com\/#website\",\"url\":\"https:\/\/beatrizseisdedos.com\/\",\"name\":\"Beatriz Seisdedos\",\"description\":\"\",\"publisher\":{\"@id\":\"https:\/\/beatrizseisdedos.com\/#organization\"},\"potentialAction\":[{\"@type\":\"SearchAction\",\"target\":{\"@type\":\"EntryPoint\",\"urlTemplate\":\"https:\/\/beatrizseisdedos.com\/?s={search_term_string}\"},\"query-input\":\"required name=search_term_string\"}],\"inLanguage\":\"fr-FR\"},{\"@type\":\"Organization\",\"@id\":\"https:\/\/beatrizseisdedos.com\/#organization\",\"name\":\"Beatriz Seisdedos\",\"url\":\"https:\/\/beatrizseisdedos.com\/\",\"logo\":{\"@type\":\"ImageObject\",\"inLanguage\":\"fr-FR\",\"@id\":\"https:\/\/beatrizseisdedos.com\/#\/schema\/logo\/image\/\",\"url\":\"https:\/\/beatrizseisdedos.com\/wp-content\/uploads\/2023\/09\/logo_Beatriz.png\",\"contentUrl\":\"https:\/\/beatrizseisdedos.com\/wp-content\/uploads\/2023\/09\/logo_Beatriz.png\",\"width\":238,\"height\":75,\"caption\":\"Beatriz Seisdedos\"},\"image\":{\"@id\":\"https:\/\/beatrizseisdedos.com\/#\/schema\/logo\/image\/\"},\"sameAs\":[\"https:\/\/www.facebook.com\/Beatriz-Seisdedos-Psicoterapia-Cognitivo-Conductual-104714477854952\/\",\"https:\/\/www.linkedin.com\/in\/beatriz-seisdedos-5ab498202\/\"]}]}<\/script>\n<!-- \/ Yoast SEO plugin. -->","yoast_head_json":{"title":"Avis juridique | Beatriz Seisdedos","robots":{"index":"index","follow":"follow","max-snippet":"max-snippet:-1","max-image-preview":"max-image-preview:large","max-video-preview":"max-video-preview:-1"},"canonical":"https:\/\/beatrizseisdedos.com\/aviso-legal\/","og_locale":"fr_FR","og_type":"article","og_title":"Avis juridique | Beatriz Seisdedos","og_description":"INTRODUCTION : Le pr\u00e9sent document a pour objet d&rsquo;\u00e9tablir et de r\u00e9glementer les r\u00e8gles d&rsquo;utilisation de ce portail web, \u00e0 savoir toutes les pages et leur contenu, propri\u00e9t\u00e9 de SEISDEDOS DE VEGA, BEATRIZ , auxquelles on acc\u00e8de par le biais du domaine www.beatrizseisdedos.com. L&rsquo;utilisation du portail web conf\u00e8re la condition d&rsquo;utilisateur de ce dernier et [&hellip;]","og_url":"https:\/\/beatrizseisdedos.com\/aviso-legal\/","og_site_name":"Beatriz Seisdedos","article_publisher":"https:\/\/www.facebook.com\/Beatriz-Seisdedos-Psicoterapia-Cognitivo-Conductual-104714477854952\/","article_modified_time":"2023-10-27T14:43:23+00:00","og_image":[{"width":512,"height":512,"url":"https:\/\/beatrizseisdedos.com\/wp-content\/uploads\/2023\/10\/faviconbeatrizseisdedos.png","type":"image\/png"}],"twitter_card":"summary_large_image","twitter_misc":{"Dur\u00e9e de lecture estim\u00e9e":"8 minutes"},"schema":{"@context":"https:\/\/schema.org","@graph":[{"@type":["WebPage","MedicalWebPage"],"@id":"https:\/\/beatrizseisdedos.com\/aviso-legal\/","url":"https:\/\/beatrizseisdedos.com\/aviso-legal\/","name":"Avis juridique | Beatriz Seisdedos","isPartOf":{"@id":"https:\/\/beatrizseisdedos.com\/#website"},"datePublished":"2023-10-05T09:59:47+00:00","dateModified":"2023-10-27T14:43:23+00:00","breadcrumb":{"@id":"https:\/\/beatrizseisdedos.com\/aviso-legal\/#breadcrumb"},"inLanguage":"fr-FR","potentialAction":[{"@type":"ReadAction","target":["https:\/\/beatrizseisdedos.com\/aviso-legal\/"]}]},{"@type":"BreadcrumbList","@id":"https:\/\/beatrizseisdedos.com\/aviso-legal\/#breadcrumb","itemListElement":[{"@type":"ListItem","position":1,"name":"Inicio","item":"https:\/\/beatrizseisdedos.com\/"},{"@type":"ListItem","position":2,"name":"Avis juridique"}]},{"@type":"WebSite","@id":"https:\/\/beatrizseisdedos.com\/#website","url":"https:\/\/beatrizseisdedos.com\/","name":"Beatriz Seisdedos","description":"","publisher":{"@id":"https:\/\/beatrizseisdedos.com\/#organization"},"potentialAction":[{"@type":"SearchAction","target":{"@type":"EntryPoint","urlTemplate":"https:\/\/beatrizseisdedos.com\/?s={search_term_string}"},"query-input":"required name=search_term_string"}],"inLanguage":"fr-FR"},{"@type":"Organization","@id":"https:\/\/beatrizseisdedos.com\/#organization","name":"Beatriz Seisdedos","url":"https:\/\/beatrizseisdedos.com\/","logo":{"@type":"ImageObject","inLanguage":"fr-FR","@id":"https:\/\/beatrizseisdedos.com\/#\/schema\/logo\/image\/","url":"https:\/\/beatrizseisdedos.com\/wp-content\/uploads\/2023\/09\/logo_Beatriz.png","contentUrl":"https:\/\/beatrizseisdedos.com\/wp-content\/uploads\/2023\/09\/logo_Beatriz.png","width":238,"height":75,"caption":"Beatriz Seisdedos"},"image":{"@id":"https:\/\/beatrizseisdedos.com\/#\/schema\/logo\/image\/"},"sameAs":["https:\/\/www.facebook.com\/Beatriz-Seisdedos-Psicoterapia-Cognitivo-Conductual-104714477854952\/","https:\/\/www.linkedin.com\/in\/beatriz-seisdedos-5ab498202\/"]}]}},"_links":{"self":[{"href":"https:\/\/beatrizseisdedos.com\/fr\/wp-json\/wp\/v2\/pages\/1690","targetHints":{"allow":["GET"]}}],"collection":[{"href":"https:\/\/beatrizseisdedos.com\/fr\/wp-json\/wp\/v2\/pages"}],"about":[{"href":"https:\/\/beatrizseisdedos.com\/fr\/wp-json\/wp\/v2\/types\/page"}],"author":[{"embeddable":true,"href":"https:\/\/beatrizseisdedos.com\/fr\/wp-json\/wp\/v2\/users\/2"}],"replies":[{"embeddable":true,"href":"https:\/\/beatrizseisdedos.com\/fr\/wp-json\/wp\/v2\/comments?post=1690"}],"version-history":[{"count":1,"href":"https:\/\/beatrizseisdedos.com\/fr\/wp-json\/wp\/v2\/pages\/1690\/revisions"}],"predecessor-version":[{"id":1703,"href":"https:\/\/beatrizseisdedos.com\/fr\/wp-json\/wp\/v2\/pages\/1690\/revisions\/1703"}],"wp:attachment":[{"href":"https:\/\/beatrizseisdedos.com\/fr\/wp-json\/wp\/v2\/media?parent=1690"}],"curies":[{"name":"wp","href":"https:\/\/api.w.org\/{rel}","templated":true}]}}