{"id":1688,"date":"2023-10-05T10:03:23","date_gmt":"2023-10-05T10:03:23","guid":{"rendered":"https:\/\/beatrizseisdedos.com\/index.php\/accessibilite\/"},"modified":"2023-10-27T14:44:06","modified_gmt":"2023-10-27T14:44:06","slug":"accessibilite","status":"publish","type":"page","link":"https:\/\/beatrizseisdedos.com\/fr\/accessibilite\/","title":{"rendered":"Accessibilit\u00e9"},"content":{"rendered":"\t\t<div data-elementor-type=\"wp-page\" data-elementor-id=\"1688\" class=\"elementor elementor-1688 elementor-1130\" data-elementor-post-type=\"page\">\n\t\t\t\t<div class=\"elementor-element elementor-element-d2122f0 e-flex e-con-boxed e-con e-parent\" data-id=\"d2122f0\" data-element_type=\"container\">\n\t\t\t\t\t<div class=\"e-con-inner\">\n\t\t\t\t<div class=\"elementor-element elementor-element-db3f9e6 elementor-widget elementor-widget-text-editor\" data-id=\"db3f9e6\" data-element_type=\"widget\" data-widget_type=\"text-editor.default\">\n\t\t\t\t<div class=\"elementor-widget-container\">\n\t\t\t<style>\/*! elementor - v3.21.0 - 24-04-2024 *\/\n.elementor-widget-text-editor.elementor-drop-cap-view-stacked .elementor-drop-cap{background-color:#69727d;color:#fff}.elementor-widget-text-editor.elementor-drop-cap-view-framed .elementor-drop-cap{color:#69727d;border:3px solid;background-color:transparent}.elementor-widget-text-editor:not(.elementor-drop-cap-view-default) .elementor-drop-cap{margin-top:8px}.elementor-widget-text-editor:not(.elementor-drop-cap-view-default) .elementor-drop-cap-letter{width:1em;height:1em}.elementor-widget-text-editor .elementor-drop-cap{float:left;text-align:center;line-height:1;font-size:50px}.elementor-widget-text-editor .elementor-drop-cap-letter{display:inline-block}<\/style>\t\t\t\t<p>Ce site web s&rsquo;engage \u00e0 garantir l&rsquo;accessibilit\u00e9 de son site \u00e0 tous. Nous visons \u00e0 fournir un environnement num\u00e9rique inclusif et convivial, conform\u00e9ment aux lignes directrices de l&rsquo;<a href=\"https:\/\/www.boe.es\/eli\/es\/rd\/2018\/09\/07\/1112\/con\" target=\"_blank\" rel=\"noreferrer noopener\">arr\u00eat\u00e9 royal 1112\/2018 du 7 septembre<\/a> sur l&rsquo;accessibilit\u00e9 des sites web et des applications du secteur public pour les appareils mobiles (ci-apr\u00e8s, l&rsquo;arr\u00eat\u00e9 royal 1112\/2018 du 7 septembre).<\/p>\n<p>\u00c9tat de conformit\u00e9 :<\/p>\n<p>Ce site web s&rsquo;efforce de respecter le <a href=\"https:\/\/www.boe.es\/eli\/es\/rd\/2018\/09\/07\/1112\/con\" target=\"_blank\" rel=\"noreferrer noopener\">d\u00e9cret royal 1112\/2018 du 7 septembre<\/a>. Toutefois, en raison de la nature dynamique du contenu et de la diversit\u00e9 des technologies, certains \u00e9l\u00e9ments peuvent ne pas \u00eatre totalement conformes aux normes d&rsquo;accessibilit\u00e9 \u00e0 tout moment.<\/p>\n<p>Mesures prises pour garantir l&rsquo;accessibilit\u00e9<\/p>\n<ul>\n<li>Conception et structure du site web en tenant compte de l&rsquo;accessibilit\u00e9.<\/li>\n<li>Mise en place d&rsquo;une navigation au clavier et de raccourcis pour faciliter l&rsquo;utilisation du site web.<\/li>\n<li>Contrastes appropri\u00e9s entre les \u00e9l\u00e9ments du texte et leur arri\u00e8re-plan.<\/li>\n<li>Utilisation de titres clairs et coh\u00e9rents pour organiser le contenu.<\/li>\n<li>Veillez \u00e0 ce que le contenu soit compr\u00e9hensible et lisible.<\/li>\n<\/ul>\n<div> <\/div>\n<p>Si vous rencontrez des probl\u00e8mes d&rsquo;accessibilit\u00e9 sur notre site web ou si vous souhaitez faire des commentaires et des suggestions pour am\u00e9liorer l&rsquo;exp\u00e9rience de l&rsquo;utilisateur, veuillez nous contacter par le biais de notre section contact sur le site web. Nous nous engageons \u00e0 enqu\u00eater sur vos pr\u00e9occupations et \u00e0 y r\u00e9pondre dans les meilleurs d\u00e9lais.<\/p>\n<p>Cette d\u00e9claration d&rsquo;accessibilit\u00e9 a \u00e9t\u00e9 mise \u00e0 jour pour la derni\u00e8re fois le 05\/10\/2023.<\/p>\n\t\t\t\t\t\t<\/div>\n\t\t\t\t<\/div>\n\t\t\t\t\t<\/div>\n\t\t\t\t<\/div>\n\t\t\t\t<\/div>\n\t\t","protected":false},"excerpt":{"rendered":"<p>Ce site web s&rsquo;engage \u00e0 garantir l&rsquo;accessibilit\u00e9 de son site \u00e0 tous. Nous visons \u00e0 fournir un environnement num\u00e9rique inclusif et convivial, conform\u00e9ment aux lignes directrices de l&rsquo;arr\u00eat\u00e9 royal 1112\/2018 du 7 septembre sur l&rsquo;accessibilit\u00e9 des sites web et des applications du secteur public pour les appareils mobiles (ci-apr\u00e8s, l&rsquo;arr\u00eat\u00e9 royal 1112\/2018 du 7 septembre). [&hellip;]<\/p>\n","protected":false},"author":2,"featured_media":0,"parent":0,"menu_order":0,"comment_status":"closed","ping_status":"closed","template":"","meta":{"footnotes":""},"class_list":["post-1688","page","type-page","status-publish","hentry"],"yoast_head":"<!-- This site is optimized with the Yoast SEO plugin v22.5 - https:\/\/yoast.com\/wordpress\/plugins\/seo\/ -->\n<title>Accessibilit\u00e9 | Beatriz Seisdedos<\/title>\n<meta name=\"robots\" content=\"index, follow, max-snippet:-1, max-image-preview:large, max-video-preview:-1\" \/>\n<link rel=\"canonical\" href=\"https:\/\/beatrizseisdedos.com\/accesibilidad\/\" \/>\n<meta property=\"og:locale\" content=\"fr_FR\" \/>\n<meta property=\"og:type\" content=\"article\" \/>\n<meta property=\"og:title\" content=\"Accessibilit\u00e9 | Beatriz Seisdedos\" \/>\n<meta property=\"og:description\" content=\"Ce site web s&rsquo;engage \u00e0 garantir l&rsquo;accessibilit\u00e9 de son site \u00e0 tous. Nous visons \u00e0 fournir un environnement num\u00e9rique inclusif et convivial, conform\u00e9ment aux lignes directrices de l&rsquo;arr\u00eat\u00e9 royal 1112\/2018 du 7 septembre sur l&rsquo;accessibilit\u00e9 des sites web et des applications du secteur public pour les appareils mobiles (ci-apr\u00e8s, l&rsquo;arr\u00eat\u00e9 royal 1112\/2018 du 7 septembre). [&hellip;]\" \/>\n<meta property=\"og:url\" content=\"https:\/\/beatrizseisdedos.com\/accesibilidad\/\" \/>\n<meta property=\"og:site_name\" content=\"Beatriz Seisdedos\" \/>\n<meta property=\"article:publisher\" content=\"https:\/\/www.facebook.com\/Beatriz-Seisdedos-Psicoterapia-Cognitivo-Conductual-104714477854952\/\" \/>\n<meta property=\"article:modified_time\" content=\"2023-10-27T14:44:06+00:00\" \/>\n<meta property=\"og:image\" content=\"https:\/\/beatrizseisdedos.com\/wp-content\/uploads\/2023\/10\/faviconbeatrizseisdedos.png\" \/>\n\t<meta property=\"og:image:width\" content=\"512\" \/>\n\t<meta property=\"og:image:height\" content=\"512\" \/>\n\t<meta property=\"og:image:type\" content=\"image\/png\" \/>\n<meta name=\"twitter:card\" content=\"summary_large_image\" \/>\n<meta name=\"twitter:label1\" content=\"Dur\u00e9e de lecture estim\u00e9e\" \/>\n\t<meta name=\"twitter:data1\" content=\"1 minute\" \/>\n<script type=\"application\/ld+json\" class=\"yoast-schema-graph\">{\"@context\":\"https:\/\/schema.org\",\"@graph\":[{\"@type\":[\"WebPage\",\"MedicalWebPage\"],\"@id\":\"https:\/\/beatrizseisdedos.com\/accesibilidad\/\",\"url\":\"https:\/\/beatrizseisdedos.com\/accesibilidad\/\",\"name\":\"Accessibilit\u00e9 | Beatriz Seisdedos\",\"isPartOf\":{\"@id\":\"https:\/\/beatrizseisdedos.com\/#website\"},\"datePublished\":\"2023-10-05T10:03:23+00:00\",\"dateModified\":\"2023-10-27T14:44:06+00:00\",\"breadcrumb\":{\"@id\":\"https:\/\/beatrizseisdedos.com\/accesibilidad\/#breadcrumb\"},\"inLanguage\":\"fr-FR\",\"potentialAction\":[{\"@type\":\"ReadAction\",\"target\":[\"https:\/\/beatrizseisdedos.com\/accesibilidad\/\"]}]},{\"@type\":\"BreadcrumbList\",\"@id\":\"https:\/\/beatrizseisdedos.com\/accesibilidad\/#breadcrumb\",\"itemListElement\":[{\"@type\":\"ListItem\",\"position\":1,\"name\":\"Inicio\",\"item\":\"https:\/\/beatrizseisdedos.com\/\"},{\"@type\":\"ListItem\",\"position\":2,\"name\":\"Accessibilit\u00e9\"}]},{\"@type\":\"WebSite\",\"@id\":\"https:\/\/beatrizseisdedos.com\/#website\",\"url\":\"https:\/\/beatrizseisdedos.com\/\",\"name\":\"Beatriz Seisdedos\",\"description\":\"\",\"publisher\":{\"@id\":\"https:\/\/beatrizseisdedos.com\/#organization\"},\"potentialAction\":[{\"@type\":\"SearchAction\",\"target\":{\"@type\":\"EntryPoint\",\"urlTemplate\":\"https:\/\/beatrizseisdedos.com\/?s={search_term_string}\"},\"query-input\":\"required name=search_term_string\"}],\"inLanguage\":\"fr-FR\"},{\"@type\":\"Organization\",\"@id\":\"https:\/\/beatrizseisdedos.com\/#organization\",\"name\":\"Beatriz Seisdedos\",\"url\":\"https:\/\/beatrizseisdedos.com\/\",\"logo\":{\"@type\":\"ImageObject\",\"inLanguage\":\"fr-FR\",\"@id\":\"https:\/\/beatrizseisdedos.com\/#\/schema\/logo\/image\/\",\"url\":\"https:\/\/beatrizseisdedos.com\/wp-content\/uploads\/2023\/09\/logo_Beatriz.png\",\"contentUrl\":\"https:\/\/beatrizseisdedos.com\/wp-content\/uploads\/2023\/09\/logo_Beatriz.png\",\"width\":238,\"height\":75,\"caption\":\"Beatriz Seisdedos\"},\"image\":{\"@id\":\"https:\/\/beatrizseisdedos.com\/#\/schema\/logo\/image\/\"},\"sameAs\":[\"https:\/\/www.facebook.com\/Beatriz-Seisdedos-Psicoterapia-Cognitivo-Conductual-104714477854952\/\",\"https:\/\/www.linkedin.com\/in\/beatriz-seisdedos-5ab498202\/\"]}]}<\/script>\n<!-- \/ Yoast SEO plugin. -->","yoast_head_json":{"title":"Accessibilit\u00e9 | Beatriz Seisdedos","robots":{"index":"index","follow":"follow","max-snippet":"max-snippet:-1","max-image-preview":"max-image-preview:large","max-video-preview":"max-video-preview:-1"},"canonical":"https:\/\/beatrizseisdedos.com\/accesibilidad\/","og_locale":"fr_FR","og_type":"article","og_title":"Accessibilit\u00e9 | Beatriz Seisdedos","og_description":"Ce site web s&rsquo;engage \u00e0 garantir l&rsquo;accessibilit\u00e9 de son site \u00e0 tous. Nous visons \u00e0 fournir un environnement num\u00e9rique inclusif et convivial, conform\u00e9ment aux lignes directrices de l&rsquo;arr\u00eat\u00e9 royal 1112\/2018 du 7 septembre sur l&rsquo;accessibilit\u00e9 des sites web et des applications du secteur public pour les appareils mobiles (ci-apr\u00e8s, l&rsquo;arr\u00eat\u00e9 royal 1112\/2018 du 7 septembre). [&hellip;]","og_url":"https:\/\/beatrizseisdedos.com\/accesibilidad\/","og_site_name":"Beatriz Seisdedos","article_publisher":"https:\/\/www.facebook.com\/Beatriz-Seisdedos-Psicoterapia-Cognitivo-Conductual-104714477854952\/","article_modified_time":"2023-10-27T14:44:06+00:00","og_image":[{"width":512,"height":512,"url":"https:\/\/beatrizseisdedos.com\/wp-content\/uploads\/2023\/10\/faviconbeatrizseisdedos.png","type":"image\/png"}],"twitter_card":"summary_large_image","twitter_misc":{"Dur\u00e9e de lecture estim\u00e9e":"1 minute"},"schema":{"@context":"https:\/\/schema.org","@graph":[{"@type":["WebPage","MedicalWebPage"],"@id":"https:\/\/beatrizseisdedos.com\/accesibilidad\/","url":"https:\/\/beatrizseisdedos.com\/accesibilidad\/","name":"Accessibilit\u00e9 | Beatriz Seisdedos","isPartOf":{"@id":"https:\/\/beatrizseisdedos.com\/#website"},"datePublished":"2023-10-05T10:03:23+00:00","dateModified":"2023-10-27T14:44:06+00:00","breadcrumb":{"@id":"https:\/\/beatrizseisdedos.com\/accesibilidad\/#breadcrumb"},"inLanguage":"fr-FR","potentialAction":[{"@type":"ReadAction","target":["https:\/\/beatrizseisdedos.com\/accesibilidad\/"]}]},{"@type":"BreadcrumbList","@id":"https:\/\/beatrizseisdedos.com\/accesibilidad\/#breadcrumb","itemListElement":[{"@type":"ListItem","position":1,"name":"Inicio","item":"https:\/\/beatrizseisdedos.com\/"},{"@type":"ListItem","position":2,"name":"Accessibilit\u00e9"}]},{"@type":"WebSite","@id":"https:\/\/beatrizseisdedos.com\/#website","url":"https:\/\/beatrizseisdedos.com\/","name":"Beatriz Seisdedos","description":"","publisher":{"@id":"https:\/\/beatrizseisdedos.com\/#organization"},"potentialAction":[{"@type":"SearchAction","target":{"@type":"EntryPoint","urlTemplate":"https:\/\/beatrizseisdedos.com\/?s={search_term_string}"},"query-input":"required name=search_term_string"}],"inLanguage":"fr-FR"},{"@type":"Organization","@id":"https:\/\/beatrizseisdedos.com\/#organization","name":"Beatriz Seisdedos","url":"https:\/\/beatrizseisdedos.com\/","logo":{"@type":"ImageObject","inLanguage":"fr-FR","@id":"https:\/\/beatrizseisdedos.com\/#\/schema\/logo\/image\/","url":"https:\/\/beatrizseisdedos.com\/wp-content\/uploads\/2023\/09\/logo_Beatriz.png","contentUrl":"https:\/\/beatrizseisdedos.com\/wp-content\/uploads\/2023\/09\/logo_Beatriz.png","width":238,"height":75,"caption":"Beatriz Seisdedos"},"image":{"@id":"https:\/\/beatrizseisdedos.com\/#\/schema\/logo\/image\/"},"sameAs":["https:\/\/www.facebook.com\/Beatriz-Seisdedos-Psicoterapia-Cognitivo-Conductual-104714477854952\/","https:\/\/www.linkedin.com\/in\/beatriz-seisdedos-5ab498202\/"]}]}},"_links":{"self":[{"href":"https:\/\/beatrizseisdedos.com\/fr\/wp-json\/wp\/v2\/pages\/1688","targetHints":{"allow":["GET"]}}],"collection":[{"href":"https:\/\/beatrizseisdedos.com\/fr\/wp-json\/wp\/v2\/pages"}],"about":[{"href":"https:\/\/beatrizseisdedos.com\/fr\/wp-json\/wp\/v2\/types\/page"}],"author":[{"embeddable":true,"href":"https:\/\/beatrizseisdedos.com\/fr\/wp-json\/wp\/v2\/users\/2"}],"replies":[{"embeddable":true,"href":"https:\/\/beatrizseisdedos.com\/fr\/wp-json\/wp\/v2\/comments?post=1688"}],"version-history":[{"count":3,"href":"https:\/\/beatrizseisdedos.com\/fr\/wp-json\/wp\/v2\/pages\/1688\/revisions"}],"predecessor-version":[{"id":1813,"href":"https:\/\/beatrizseisdedos.com\/fr\/wp-json\/wp\/v2\/pages\/1688\/revisions\/1813"}],"wp:attachment":[{"href":"https:\/\/beatrizseisdedos.com\/fr\/wp-json\/wp\/v2\/media?parent=1688"}],"curies":[{"name":"wp","href":"https:\/\/api.w.org\/{rel}","templated":true}]}}